{"id":2671,"date":"2024-09-23T10:06:28","date_gmt":"2024-09-23T09:06:28","guid":{"rendered":"https:\/\/iot.wifx.net\/products\/wifx-l1-4g\/"},"modified":"2025-03-05T17:16:52","modified_gmt":"2025-03-05T16:16:52","slug":"wifx-l1-4g","status":"publish","type":"product","link":"https:\/\/iot.wifx.net\/fr\/produits\/wifx-l1-4g\/","title":{"rendered":"Wifx L1 4G"},"content":{"rendered":"\n<p>Gr\u00e2ce \u00e0 sa connectivit\u00e9 4G, cette station de base LoRaWAN est id\u00e9ale pour une installation dans des endroits recul\u00e9s o\u00f9 les options de connexion sont limit\u00e9es. Sa faible consommation d&rsquo;\u00e9nergie lui permet d&rsquo;\u00eatre aliment\u00e9e par une source d&rsquo;\u00e9nergie limit\u00e9e. La solution id\u00e9ale pour connecter vos objets dans des endroits o\u00f9 leurs donn\u00e9es \u00e9taient auparavant inaccessibles.<\/p>\n\n<p>Sa taille compacte permet de l&rsquo;installer facilement n&rsquo;importe o\u00f9, et sa conception r\u00e9fl\u00e9chie et ses mat\u00e9riaux de qualit\u00e9 le rendent robuste et r\u00e9sistant aux environnements les plus agressifs.<\/p>\n\n<p>Le logiciel embarqu\u00e9 est fiable, s\u00e9curis\u00e9 et d&rsquo;une utilisation intuitive gr\u00e2ce \u00e0 son interface web moderne et claire.<\/p>\n","protected":false},"featured_media":2669,"template":"","class_list":["post-2671","product","type-product","status-publish","has-post-thumbnail","hentry"],"acf":[],"yoast_head":"<!-- This site is optimized with the Yoast SEO plugin v27.4 - https:\/\/yoast.com\/product\/yoast-seo-wordpress\/ -->\n<title>Wifx L1 4G - Wifx IoT<\/title>\n<meta name=\"robots\" content=\"index, follow, max-snippet:-1, max-image-preview:large, max-video-preview:-1\" \/>\n<link rel=\"canonical\" href=\"https:\/\/iot.wifx.net\/fr\/produits\/wifx-l1-4g\/\" \/>\n<meta property=\"og:locale\" content=\"fr_FR\" \/>\n<meta property=\"og:type\" content=\"article\" \/>\n<meta property=\"og:title\" content=\"Wifx L1 4G - Wifx IoT\" \/>\n<meta property=\"og:description\" content=\"Gr\u00e2ce \u00e0 sa connectivit\u00e9 4G, cette station de base LoRaWAN est id\u00e9ale pour une installation dans des endroits recul\u00e9s o\u00f9 les options de connexion sont limit\u00e9es. Sa faible consommation d&rsquo;\u00e9nergie lui permet d&rsquo;\u00eatre aliment\u00e9e par une source d&rsquo;\u00e9nergie limit\u00e9e. La solution id\u00e9ale pour connecter vos objets dans des endroits o\u00f9 leurs donn\u00e9es \u00e9taient auparavant inaccessibles. [&hellip;]\" \/>\n<meta property=\"og:url\" content=\"https:\/\/iot.wifx.net\/fr\/produits\/wifx-l1-4g\/\" \/>\n<meta property=\"og:site_name\" content=\"Wifx IoT\" \/>\n<meta property=\"article:modified_time\" content=\"2025-03-05T16:16:52+00:00\" \/>\n<meta property=\"og:image\" content=\"https:\/\/iot.wifx.net\/wp-content\/uploads\/2024\/04\/DSC02174-scaled.jpg\" \/>\n\t<meta property=\"og:image:width\" content=\"2560\" \/>\n\t<meta property=\"og:image:height\" content=\"1706\" \/>\n\t<meta property=\"og:image:type\" content=\"image\/jpeg\" \/>\n<meta name=\"twitter:card\" content=\"summary_large_image\" \/>\n<meta name=\"twitter:site\" content=\"@Wifx_IoT\" \/>\n<meta name=\"twitter:label1\" content=\"Dur\u00e9e de lecture estim\u00e9e\" \/>\n\t<meta name=\"twitter:data1\" content=\"1 minute\" \/>\n<script type=\"application\/ld+json\" class=\"yoast-schema-graph\">{\"@context\":\"https:\\\/\\\/schema.org\",\"@graph\":[{\"@type\":\"WebPage\",\"@id\":\"https:\\\/\\\/iot.wifx.net\\\/fr\\\/produits\\\/wifx-l1-4g\\\/\",\"url\":\"https:\\\/\\\/iot.wifx.net\\\/fr\\\/produits\\\/wifx-l1-4g\\\/\",\"name\":\"Wifx L1 4G - Wifx IoT\",\"isPartOf\":{\"@id\":\"https:\\\/\\\/iot.wifx.net\\\/fr\\\/#website\"},\"primaryImageOfPage\":{\"@id\":\"https:\\\/\\\/iot.wifx.net\\\/fr\\\/produits\\\/wifx-l1-4g\\\/#primaryimage\"},\"image\":{\"@id\":\"https:\\\/\\\/iot.wifx.net\\\/fr\\\/produits\\\/wifx-l1-4g\\\/#primaryimage\"},\"thumbnailUrl\":\"https:\\\/\\\/iot.wifx.net\\\/wp-content\\\/uploads\\\/2024\\\/04\\\/DSC02174-scaled.jpg\",\"datePublished\":\"2024-09-23T09:06:28+00:00\",\"dateModified\":\"2025-03-05T16:16:52+00:00\",\"breadcrumb\":{\"@id\":\"https:\\\/\\\/iot.wifx.net\\\/fr\\\/produits\\\/wifx-l1-4g\\\/#breadcrumb\"},\"inLanguage\":\"fr-FR\",\"potentialAction\":[{\"@type\":\"ReadAction\",\"target\":[\"https:\\\/\\\/iot.wifx.net\\\/fr\\\/produits\\\/wifx-l1-4g\\\/\"]}]},{\"@type\":\"ImageObject\",\"inLanguage\":\"fr-FR\",\"@id\":\"https:\\\/\\\/iot.wifx.net\\\/fr\\\/produits\\\/wifx-l1-4g\\\/#primaryimage\",\"url\":\"https:\\\/\\\/iot.wifx.net\\\/wp-content\\\/uploads\\\/2024\\\/04\\\/DSC02174-scaled.jpg\",\"contentUrl\":\"https:\\\/\\\/iot.wifx.net\\\/wp-content\\\/uploads\\\/2024\\\/04\\\/DSC02174-scaled.jpg\",\"width\":2560,\"height\":1706},{\"@type\":\"BreadcrumbList\",\"@id\":\"https:\\\/\\\/iot.wifx.net\\\/fr\\\/produits\\\/wifx-l1-4g\\\/#breadcrumb\",\"itemListElement\":[{\"@type\":\"ListItem\",\"position\":1,\"name\":\"Home\",\"item\":\"https:\\\/\\\/iot.wifx.net\\\/fr\\\/\"},{\"@type\":\"ListItem\",\"position\":2,\"name\":\"Wifx L1 4G\"}]},{\"@type\":\"WebSite\",\"@id\":\"https:\\\/\\\/iot.wifx.net\\\/fr\\\/#website\",\"url\":\"https:\\\/\\\/iot.wifx.net\\\/fr\\\/\",\"name\":\"Wifx IoT\",\"description\":\"\",\"publisher\":{\"@id\":\"https:\\\/\\\/iot.wifx.net\\\/fr\\\/#organization\"},\"potentialAction\":[{\"@type\":\"SearchAction\",\"target\":{\"@type\":\"EntryPoint\",\"urlTemplate\":\"https:\\\/\\\/iot.wifx.net\\\/fr\\\/?s={search_term_string}\"},\"query-input\":{\"@type\":\"PropertyValueSpecification\",\"valueRequired\":true,\"valueName\":\"search_term_string\"}}],\"inLanguage\":\"fr-FR\"},{\"@type\":\"Organization\",\"@id\":\"https:\\\/\\\/iot.wifx.net\\\/fr\\\/#organization\",\"name\":\"Wifx IoT\",\"url\":\"https:\\\/\\\/iot.wifx.net\\\/fr\\\/\",\"logo\":{\"@type\":\"ImageObject\",\"inLanguage\":\"fr-FR\",\"@id\":\"https:\\\/\\\/iot.wifx.net\\\/fr\\\/#\\\/schema\\\/logo\\\/image\\\/\",\"url\":\"https:\\\/\\\/iot.wifx.net\\\/wp-content\\\/uploads\\\/2022\\\/06\\\/logo_wifx.png\",\"contentUrl\":\"https:\\\/\\\/iot.wifx.net\\\/wp-content\\\/uploads\\\/2022\\\/06\\\/logo_wifx.png\",\"width\":499,\"height\":256,\"caption\":\"Wifx IoT\"},\"image\":{\"@id\":\"https:\\\/\\\/iot.wifx.net\\\/fr\\\/#\\\/schema\\\/logo\\\/image\\\/\"},\"sameAs\":[\"https:\\\/\\\/x.com\\\/Wifx_IoT\",\"https:\\\/\\\/www.linkedin.com\\\/company\\\/wifxsarl\"]}]}<\/script>\n<!-- \/ Yoast SEO plugin. -->","yoast_head_json":{"title":"Wifx L1 4G - Wifx IoT","robots":{"index":"index","follow":"follow","max-snippet":"max-snippet:-1","max-image-preview":"max-image-preview:large","max-video-preview":"max-video-preview:-1"},"canonical":"https:\/\/iot.wifx.net\/fr\/produits\/wifx-l1-4g\/","og_locale":"fr_FR","og_type":"article","og_title":"Wifx L1 4G - Wifx IoT","og_description":"Gr\u00e2ce \u00e0 sa connectivit\u00e9 4G, cette station de base LoRaWAN est id\u00e9ale pour une installation dans des endroits recul\u00e9s o\u00f9 les options de connexion sont limit\u00e9es. Sa faible consommation d&rsquo;\u00e9nergie lui permet d&rsquo;\u00eatre aliment\u00e9e par une source d&rsquo;\u00e9nergie limit\u00e9e. La solution id\u00e9ale pour connecter vos objets dans des endroits o\u00f9 leurs donn\u00e9es \u00e9taient auparavant inaccessibles. [&hellip;]","og_url":"https:\/\/iot.wifx.net\/fr\/produits\/wifx-l1-4g\/","og_site_name":"Wifx IoT","article_modified_time":"2025-03-05T16:16:52+00:00","og_image":[{"width":2560,"height":1706,"url":"https:\/\/iot.wifx.net\/wp-content\/uploads\/2024\/04\/DSC02174-scaled.jpg","type":"image\/jpeg"}],"twitter_card":"summary_large_image","twitter_site":"@Wifx_IoT","twitter_misc":{"Dur\u00e9e de lecture estim\u00e9e":"1 minute"},"schema":{"@context":"https:\/\/schema.org","@graph":[{"@type":"WebPage","@id":"https:\/\/iot.wifx.net\/fr\/produits\/wifx-l1-4g\/","url":"https:\/\/iot.wifx.net\/fr\/produits\/wifx-l1-4g\/","name":"Wifx L1 4G - Wifx IoT","isPartOf":{"@id":"https:\/\/iot.wifx.net\/fr\/#website"},"primaryImageOfPage":{"@id":"https:\/\/iot.wifx.net\/fr\/produits\/wifx-l1-4g\/#primaryimage"},"image":{"@id":"https:\/\/iot.wifx.net\/fr\/produits\/wifx-l1-4g\/#primaryimage"},"thumbnailUrl":"https:\/\/iot.wifx.net\/wp-content\/uploads\/2024\/04\/DSC02174-scaled.jpg","datePublished":"2024-09-23T09:06:28+00:00","dateModified":"2025-03-05T16:16:52+00:00","breadcrumb":{"@id":"https:\/\/iot.wifx.net\/fr\/produits\/wifx-l1-4g\/#breadcrumb"},"inLanguage":"fr-FR","potentialAction":[{"@type":"ReadAction","target":["https:\/\/iot.wifx.net\/fr\/produits\/wifx-l1-4g\/"]}]},{"@type":"ImageObject","inLanguage":"fr-FR","@id":"https:\/\/iot.wifx.net\/fr\/produits\/wifx-l1-4g\/#primaryimage","url":"https:\/\/iot.wifx.net\/wp-content\/uploads\/2024\/04\/DSC02174-scaled.jpg","contentUrl":"https:\/\/iot.wifx.net\/wp-content\/uploads\/2024\/04\/DSC02174-scaled.jpg","width":2560,"height":1706},{"@type":"BreadcrumbList","@id":"https:\/\/iot.wifx.net\/fr\/produits\/wifx-l1-4g\/#breadcrumb","itemListElement":[{"@type":"ListItem","position":1,"name":"Home","item":"https:\/\/iot.wifx.net\/fr\/"},{"@type":"ListItem","position":2,"name":"Wifx L1 4G"}]},{"@type":"WebSite","@id":"https:\/\/iot.wifx.net\/fr\/#website","url":"https:\/\/iot.wifx.net\/fr\/","name":"Wifx IoT","description":"","publisher":{"@id":"https:\/\/iot.wifx.net\/fr\/#organization"},"potentialAction":[{"@type":"SearchAction","target":{"@type":"EntryPoint","urlTemplate":"https:\/\/iot.wifx.net\/fr\/?s={search_term_string}"},"query-input":{"@type":"PropertyValueSpecification","valueRequired":true,"valueName":"search_term_string"}}],"inLanguage":"fr-FR"},{"@type":"Organization","@id":"https:\/\/iot.wifx.net\/fr\/#organization","name":"Wifx IoT","url":"https:\/\/iot.wifx.net\/fr\/","logo":{"@type":"ImageObject","inLanguage":"fr-FR","@id":"https:\/\/iot.wifx.net\/fr\/#\/schema\/logo\/image\/","url":"https:\/\/iot.wifx.net\/wp-content\/uploads\/2022\/06\/logo_wifx.png","contentUrl":"https:\/\/iot.wifx.net\/wp-content\/uploads\/2022\/06\/logo_wifx.png","width":499,"height":256,"caption":"Wifx IoT"},"image":{"@id":"https:\/\/iot.wifx.net\/fr\/#\/schema\/logo\/image\/"},"sameAs":["https:\/\/x.com\/Wifx_IoT","https:\/\/www.linkedin.com\/company\/wifxsarl"]}]}},"_links":{"self":[{"href":"https:\/\/iot.wifx.net\/fr\/wp-json\/wp\/v2\/product\/2671","targetHints":{"allow":["GET"]}}],"collection":[{"href":"https:\/\/iot.wifx.net\/fr\/wp-json\/wp\/v2\/product"}],"about":[{"href":"https:\/\/iot.wifx.net\/fr\/wp-json\/wp\/v2\/types\/product"}],"wp:featuredmedia":[{"embeddable":true,"href":"https:\/\/iot.wifx.net\/fr\/wp-json\/wp\/v2\/media\/2669"}],"wp:attachment":[{"href":"https:\/\/iot.wifx.net\/fr\/wp-json\/wp\/v2\/media?parent=2671"}],"curies":[{"name":"wp","href":"https:\/\/api.w.org\/{rel}","templated":true}]}}