{"id":205,"date":"2021-09-07T14:32:48","date_gmt":"2021-09-07T14:32:48","guid":{"rendered":"https:\/\/hawai.li\/wifx\/?post_type=product&#038;p=205"},"modified":"2025-03-05T17:40:23","modified_gmt":"2025-03-05T16:40:23","slug":"wifx-l1","status":"publish","type":"product","link":"https:\/\/iot.wifx.net\/fr\/produits\/wifx-l1\/","title":{"rendered":"Wifx L1"},"content":{"rendered":"\n<p>Cette station de base (passerelle) LoRaWAN\u00ae compacte et robuste est id\u00e9ale pour tous vos projets de d\u00e9ploiement, simples ou complexes.<\/p>\n\n\n\n<p>Son format r\u00e9duit en fait un produit facile \u00e0 installer partout, son design bien r\u00e9fl\u00e9chi ainsi que ses mat\u00e9riaux de qualit\u00e9 la rende robuste et r\u00e9sistante aux environnements les plus agressifs.<\/p>\n\n\n\n<p>Le logiciel embarqu\u00e9 est fiable, s\u00e9curis\u00e9 et intuitif \u00e0 utiliser via son interface web moderne et claire.<\/p>\n","protected":false},"featured_media":2555,"template":"","class_list":["post-205","product","type-product","status-publish","has-post-thumbnail","hentry"],"acf":[],"yoast_head":"<!-- This site is optimized with the Yoast SEO plugin v27.4 - https:\/\/yoast.com\/product\/yoast-seo-wordpress\/ -->\n<title>Passerelle Wifx L1 - LoRaWAN - Wifx IoT<\/title>\n<meta name=\"description\" content=\"Passerelle IoT LoRaWAN\u2122 professionnelle pour l&#039;ext\u00e9rieur, format ultra compact, con\u00e7ue et assembl\u00e9e en Suisse par Wifx\" \/>\n<meta name=\"robots\" content=\"index, follow, max-snippet:-1, max-image-preview:large, max-video-preview:-1\" \/>\n<link rel=\"canonical\" href=\"https:\/\/iot.wifx.net\/fr\/produits\/wifx-l1\/\" \/>\n<meta property=\"og:locale\" content=\"fr_FR\" \/>\n<meta property=\"og:type\" content=\"article\" \/>\n<meta property=\"og:title\" content=\"Passerelle Wifx L1 - LoRaWAN - Wifx IoT\" \/>\n<meta property=\"og:description\" content=\"Passerelle IoT LoRaWAN\u2122 professionnelle pour l&#039;ext\u00e9rieur, format ultra compact, con\u00e7ue et assembl\u00e9e en Suisse par Wifx\" \/>\n<meta property=\"og:url\" content=\"https:\/\/iot.wifx.net\/fr\/produits\/wifx-l1\/\" \/>\n<meta property=\"og:site_name\" content=\"Wifx IoT\" \/>\n<meta property=\"article:modified_time\" content=\"2025-03-05T16:40:23+00:00\" \/>\n<meta property=\"og:image\" content=\"https:\/\/iot.wifx.net\/wp-content\/uploads\/2021\/09\/lorix-one-roof-mast-tablet.jpg\" \/>\n\t<meta property=\"og:image:width\" content=\"2300\" \/>\n\t<meta property=\"og:image:height\" content=\"1606\" \/>\n\t<meta property=\"og:image:type\" content=\"image\/jpeg\" \/>\n<meta name=\"twitter:card\" content=\"summary_large_image\" \/>\n<meta name=\"twitter:site\" content=\"@Wifx_IoT\" \/>\n<meta name=\"twitter:label1\" content=\"Dur\u00e9e de lecture estim\u00e9e\" \/>\n\t<meta name=\"twitter:data1\" content=\"1 minute\" \/>\n<script type=\"application\/ld+json\" class=\"yoast-schema-graph\">{\"@context\":\"https:\\\/\\\/schema.org\",\"@graph\":[{\"@type\":\"WebPage\",\"@id\":\"https:\\\/\\\/iot.wifx.net\\\/fr\\\/produits\\\/wifx-l1\\\/\",\"url\":\"https:\\\/\\\/iot.wifx.net\\\/fr\\\/produits\\\/wifx-l1\\\/\",\"name\":\"Passerelle Wifx L1 - LoRaWAN - Wifx IoT\",\"isPartOf\":{\"@id\":\"https:\\\/\\\/iot.wifx.net\\\/fr\\\/#website\"},\"primaryImageOfPage\":{\"@id\":\"https:\\\/\\\/iot.wifx.net\\\/fr\\\/produits\\\/wifx-l1\\\/#primaryimage\"},\"image\":{\"@id\":\"https:\\\/\\\/iot.wifx.net\\\/fr\\\/produits\\\/wifx-l1\\\/#primaryimage\"},\"thumbnailUrl\":\"https:\\\/\\\/iot.wifx.net\\\/wp-content\\\/uploads\\\/2021\\\/09\\\/lorix-one-roof-mast-tablet.jpg\",\"datePublished\":\"2021-09-07T14:32:48+00:00\",\"dateModified\":\"2025-03-05T16:40:23+00:00\",\"description\":\"Passerelle IoT LoRaWAN\u2122 professionnelle pour l'ext\u00e9rieur, format ultra compact, con\u00e7ue et assembl\u00e9e en Suisse par Wifx\",\"breadcrumb\":{\"@id\":\"https:\\\/\\\/iot.wifx.net\\\/fr\\\/produits\\\/wifx-l1\\\/#breadcrumb\"},\"inLanguage\":\"fr-FR\",\"potentialAction\":[{\"@type\":\"ReadAction\",\"target\":[\"https:\\\/\\\/iot.wifx.net\\\/fr\\\/produits\\\/wifx-l1\\\/\"]}]},{\"@type\":\"ImageObject\",\"inLanguage\":\"fr-FR\",\"@id\":\"https:\\\/\\\/iot.wifx.net\\\/fr\\\/produits\\\/wifx-l1\\\/#primaryimage\",\"url\":\"https:\\\/\\\/iot.wifx.net\\\/wp-content\\\/uploads\\\/2021\\\/09\\\/lorix-one-roof-mast-tablet.jpg\",\"contentUrl\":\"https:\\\/\\\/iot.wifx.net\\\/wp-content\\\/uploads\\\/2021\\\/09\\\/lorix-one-roof-mast-tablet.jpg\",\"width\":2300,\"height\":1606,\"caption\":\"A technician in front of a LORIX One on a mast and using a tablet to configure the gateway via its web interface.\"},{\"@type\":\"BreadcrumbList\",\"@id\":\"https:\\\/\\\/iot.wifx.net\\\/fr\\\/produits\\\/wifx-l1\\\/#breadcrumb\",\"itemListElement\":[{\"@type\":\"ListItem\",\"position\":1,\"name\":\"Home\",\"item\":\"https:\\\/\\\/iot.wifx.net\\\/fr\\\/\"},{\"@type\":\"ListItem\",\"position\":2,\"name\":\"Wifx L1\"}]},{\"@type\":\"WebSite\",\"@id\":\"https:\\\/\\\/iot.wifx.net\\\/fr\\\/#website\",\"url\":\"https:\\\/\\\/iot.wifx.net\\\/fr\\\/\",\"name\":\"Wifx IoT\",\"description\":\"\",\"publisher\":{\"@id\":\"https:\\\/\\\/iot.wifx.net\\\/fr\\\/#organization\"},\"potentialAction\":[{\"@type\":\"SearchAction\",\"target\":{\"@type\":\"EntryPoint\",\"urlTemplate\":\"https:\\\/\\\/iot.wifx.net\\\/fr\\\/?s={search_term_string}\"},\"query-input\":{\"@type\":\"PropertyValueSpecification\",\"valueRequired\":true,\"valueName\":\"search_term_string\"}}],\"inLanguage\":\"fr-FR\"},{\"@type\":\"Organization\",\"@id\":\"https:\\\/\\\/iot.wifx.net\\\/fr\\\/#organization\",\"name\":\"Wifx IoT\",\"url\":\"https:\\\/\\\/iot.wifx.net\\\/fr\\\/\",\"logo\":{\"@type\":\"ImageObject\",\"inLanguage\":\"fr-FR\",\"@id\":\"https:\\\/\\\/iot.wifx.net\\\/fr\\\/#\\\/schema\\\/logo\\\/image\\\/\",\"url\":\"https:\\\/\\\/iot.wifx.net\\\/wp-content\\\/uploads\\\/2022\\\/06\\\/logo_wifx.png\",\"contentUrl\":\"https:\\\/\\\/iot.wifx.net\\\/wp-content\\\/uploads\\\/2022\\\/06\\\/logo_wifx.png\",\"width\":499,\"height\":256,\"caption\":\"Wifx IoT\"},\"image\":{\"@id\":\"https:\\\/\\\/iot.wifx.net\\\/fr\\\/#\\\/schema\\\/logo\\\/image\\\/\"},\"sameAs\":[\"https:\\\/\\\/x.com\\\/Wifx_IoT\",\"https:\\\/\\\/www.linkedin.com\\\/company\\\/wifxsarl\"]}]}<\/script>\n<!-- \/ Yoast SEO plugin. -->","yoast_head_json":{"title":"Passerelle Wifx L1 - LoRaWAN - Wifx IoT","description":"Passerelle IoT LoRaWAN\u2122 professionnelle pour l'ext\u00e9rieur, format ultra compact, con\u00e7ue et assembl\u00e9e en Suisse par Wifx","robots":{"index":"index","follow":"follow","max-snippet":"max-snippet:-1","max-image-preview":"max-image-preview:large","max-video-preview":"max-video-preview:-1"},"canonical":"https:\/\/iot.wifx.net\/fr\/produits\/wifx-l1\/","og_locale":"fr_FR","og_type":"article","og_title":"Passerelle Wifx L1 - LoRaWAN - Wifx IoT","og_description":"Passerelle IoT LoRaWAN\u2122 professionnelle pour l'ext\u00e9rieur, format ultra compact, con\u00e7ue et assembl\u00e9e en Suisse par Wifx","og_url":"https:\/\/iot.wifx.net\/fr\/produits\/wifx-l1\/","og_site_name":"Wifx IoT","article_modified_time":"2025-03-05T16:40:23+00:00","og_image":[{"width":2300,"height":1606,"url":"https:\/\/iot.wifx.net\/wp-content\/uploads\/2021\/09\/lorix-one-roof-mast-tablet.jpg","type":"image\/jpeg"}],"twitter_card":"summary_large_image","twitter_site":"@Wifx_IoT","twitter_misc":{"Dur\u00e9e de lecture estim\u00e9e":"1 minute"},"schema":{"@context":"https:\/\/schema.org","@graph":[{"@type":"WebPage","@id":"https:\/\/iot.wifx.net\/fr\/produits\/wifx-l1\/","url":"https:\/\/iot.wifx.net\/fr\/produits\/wifx-l1\/","name":"Passerelle Wifx L1 - LoRaWAN - Wifx IoT","isPartOf":{"@id":"https:\/\/iot.wifx.net\/fr\/#website"},"primaryImageOfPage":{"@id":"https:\/\/iot.wifx.net\/fr\/produits\/wifx-l1\/#primaryimage"},"image":{"@id":"https:\/\/iot.wifx.net\/fr\/produits\/wifx-l1\/#primaryimage"},"thumbnailUrl":"https:\/\/iot.wifx.net\/wp-content\/uploads\/2021\/09\/lorix-one-roof-mast-tablet.jpg","datePublished":"2021-09-07T14:32:48+00:00","dateModified":"2025-03-05T16:40:23+00:00","description":"Passerelle IoT LoRaWAN\u2122 professionnelle pour l'ext\u00e9rieur, format ultra compact, con\u00e7ue et assembl\u00e9e en Suisse par Wifx","breadcrumb":{"@id":"https:\/\/iot.wifx.net\/fr\/produits\/wifx-l1\/#breadcrumb"},"inLanguage":"fr-FR","potentialAction":[{"@type":"ReadAction","target":["https:\/\/iot.wifx.net\/fr\/produits\/wifx-l1\/"]}]},{"@type":"ImageObject","inLanguage":"fr-FR","@id":"https:\/\/iot.wifx.net\/fr\/produits\/wifx-l1\/#primaryimage","url":"https:\/\/iot.wifx.net\/wp-content\/uploads\/2021\/09\/lorix-one-roof-mast-tablet.jpg","contentUrl":"https:\/\/iot.wifx.net\/wp-content\/uploads\/2021\/09\/lorix-one-roof-mast-tablet.jpg","width":2300,"height":1606,"caption":"A technician in front of a LORIX One on a mast and using a tablet to configure the gateway via its web interface."},{"@type":"BreadcrumbList","@id":"https:\/\/iot.wifx.net\/fr\/produits\/wifx-l1\/#breadcrumb","itemListElement":[{"@type":"ListItem","position":1,"name":"Home","item":"https:\/\/iot.wifx.net\/fr\/"},{"@type":"ListItem","position":2,"name":"Wifx L1"}]},{"@type":"WebSite","@id":"https:\/\/iot.wifx.net\/fr\/#website","url":"https:\/\/iot.wifx.net\/fr\/","name":"Wifx IoT","description":"","publisher":{"@id":"https:\/\/iot.wifx.net\/fr\/#organization"},"potentialAction":[{"@type":"SearchAction","target":{"@type":"EntryPoint","urlTemplate":"https:\/\/iot.wifx.net\/fr\/?s={search_term_string}"},"query-input":{"@type":"PropertyValueSpecification","valueRequired":true,"valueName":"search_term_string"}}],"inLanguage":"fr-FR"},{"@type":"Organization","@id":"https:\/\/iot.wifx.net\/fr\/#organization","name":"Wifx IoT","url":"https:\/\/iot.wifx.net\/fr\/","logo":{"@type":"ImageObject","inLanguage":"fr-FR","@id":"https:\/\/iot.wifx.net\/fr\/#\/schema\/logo\/image\/","url":"https:\/\/iot.wifx.net\/wp-content\/uploads\/2022\/06\/logo_wifx.png","contentUrl":"https:\/\/iot.wifx.net\/wp-content\/uploads\/2022\/06\/logo_wifx.png","width":499,"height":256,"caption":"Wifx IoT"},"image":{"@id":"https:\/\/iot.wifx.net\/fr\/#\/schema\/logo\/image\/"},"sameAs":["https:\/\/x.com\/Wifx_IoT","https:\/\/www.linkedin.com\/company\/wifxsarl"]}]}},"_links":{"self":[{"href":"https:\/\/iot.wifx.net\/fr\/wp-json\/wp\/v2\/product\/205","targetHints":{"allow":["GET"]}}],"collection":[{"href":"https:\/\/iot.wifx.net\/fr\/wp-json\/wp\/v2\/product"}],"about":[{"href":"https:\/\/iot.wifx.net\/fr\/wp-json\/wp\/v2\/types\/product"}],"wp:featuredmedia":[{"embeddable":true,"href":"https:\/\/iot.wifx.net\/fr\/wp-json\/wp\/v2\/media\/2555"}],"wp:attachment":[{"href":"https:\/\/iot.wifx.net\/fr\/wp-json\/wp\/v2\/media?parent=205"}],"curies":[{"name":"wp","href":"https:\/\/api.w.org\/{rel}","templated":true}]}}