{"id":771,"date":"2021-10-28T06:45:12","date_gmt":"2021-10-28T06:45:12","guid":{"rendered":"https:\/\/hawai.li\/wifx\/?page_id=771"},"modified":"2022-10-25T10:17:22","modified_gmt":"2022-10-25T09:17:22","slug":"cookies","status":"publish","type":"page","link":"https:\/\/iot.wifx.net\/fr\/cookies\/","title":{"rendered":"Cookies"},"content":{"rendered":"\n<p>Cette politique d&rsquo;utilisation des cookies et autres traceurs s&rsquo;applique \u00e0 l&rsquo;ensemble de nos sites Internet (appel\u00e9s ci-apr\u00e8s \u00ab site Internet \u00bb) \u00e9dit\u00e9s par la soci\u00e9t\u00e9 Wifx S\u00e0rl (nomm\u00e9e ci-apr\u00e8s \u00ab Wifx \u00bb).<\/p>\n\n\n\n<p>Cette politique d&rsquo;utilisation a pour but de vous expliquer comment nous utilisons les cookies et autres traceurs (nomm\u00e9s \u00ab cookies \u00bb) sur notre site internet, \u00e0 savoir: <a tabindex=\"-1\" href=\"https:\/\/www.lorixone.io\">wifx.net<\/a><\/p>\n\n\n\n<p>En acc\u00e9dant \u00e0 ce site internet (sous-domaine inclus), \u00e0 savoir : iot.wifx.net, vous acceptez notre politique d&rsquo;utilisation des cookies \u00e0 chaque fois que vous y acc\u00e8derez.<\/p>\n\n\n\n<h3 class=\"wp-block-heading\">QU&rsquo;EST-CE QU&rsquo;UN COOKIE ?<\/h3>\n\n\n\n<p>Un cookie est un fichier texte de petite taille qui peut \u00eatre enregistr\u00e9, avec votre accord, sur l&rsquo;espace de stockage de votre terminal (smartphone, tablette, ordinateur, TV, etc.) avec lequel vous acc\u00e9dez au site internet, gr\u00e2ce \u00e0 un navigateur web ou tout autre programme qui vous permet d&rsquo;acc\u00e9der \u00e0 un site internet.<\/p>\n\n\n\n<p>Le cookie est transmis par le serveur du site internet sur lequel vous vous connectez afin de faciliter la navigation sur les sites internet, en gardant en m\u00e9moire vos pr\u00e9f\u00e9rences comme la langue d&rsquo;affichage du site internet.<\/p>\n\n\n\n<p>Lorsque vous vous connecterez sur l&rsquo;un des sites internet pour la premi\u00e8re fois, une banni\u00e8re en haut de l&rsquo;\u00e9cran s&rsquo;affichera afin de vous signaler que nous utilisons des cookies sur nos sites internet. Si vous avez autoris\u00e9 le stockage de cookies sur votre terminal, cette question ne vous sera plus pos\u00e9e lorsque vous reviendrez sur le site internet plus tard. Vous \u00eates libre d&rsquo;accepter ou non le stockage des cookies.<\/p>\n\n\n\n<p>Pour vous offrir une navigation plus agr\u00e9able sur nos diff\u00e9rents sites internet, nous utilisons diff\u00e9rents types de cookies (voir point suivant). Vous avez \u00e9galement la possibilit\u00e9 de supprimer les cookies enregistr\u00e9s apr\u00e8s nous avoir donn\u00e9 votre accord.<\/p>\n\n\n\n<p>Vous pouvez, \u00e0 tout moment, changer d&rsquo;avis quant \u00e0 l&rsquo;utilisation de cookies sur nos diff\u00e9rents sites internet.<\/p>\n\n\n\n<h3 class=\"wp-block-heading\">COOKIES UTILIS\u00c9S SUR NOS SITES INTERNET<\/h3>\n\n\n\n<p>Pour votre confort et la s\u00e9curit\u00e9 de votre vie priv\u00e9e, nous avons fait le choix d&rsquo;utiliser le minimum de cookies sur nos sites internet. Quelques-uns de nos sites internet son multilingues, c&rsquo;est pourquoi nous utilisons un cookie afin que le site internet s&rsquo;affiche dans votre langue pr\u00e9f\u00e9r\u00e9e, lors de votre visite. Nous utilisons \u00e9galement cookies Google Adwards \u00e0 des fins d&rsquo;analyse de trafic et de statistiques, pour notre propre utilisation. Pour plus d&rsquo;informations concernant l\u2019engagement de Google concernant la R\u00e9glementation G\u00e9n\u00e9rale sur la Protection des Donn\u00e9es (RGPD), visitez leur site internet en cliquant sur <a href=\"https:\/\/privacy.google.com\/intl\/fr_fr\/businesses\/compliance\/#?modal_active=yes\" tabindex=\"-1\">Politique d&rsquo;engagement de Google pour la RGPD<\/a><\/p>\n\n\n\n<h3 class=\"wp-block-heading\">PARAM\u00c8TRE DU NAVIGATEUR<\/h3>\n\n\n\n<p>Vous avez la possibilit\u00e9 de param\u00e9trer votre navigateur afin d&rsquo;accepter ou non le stockage de cookies pour tous les sites internet ou uniquement pour certains.<\/p>\n\n\n\n<p>Vous trouverez plus de d\u00e9tails sur la mani\u00e8re de param\u00e9trer les cookies en suivant les liens suivants en fonction de votre navigateur internet.<\/p>\n\n\n\n<ul class=\"wp-block-list\"><li><a tabindex=\"-1\" href=\"https:\/\/support.google.com\/chrome\/answer\/95647\" target=\"_blank\" rel=\"noopener\">Google Chrome<\/a><\/li><li><a tabindex=\"-1\" href=\"https:\/\/support.mozilla.org\/fr\/kb\/activer-desactiver-cookies-preferences\" target=\"_blank\" rel=\"noopener\">Mozilla Firefox<\/a><\/li><li><a tabindex=\"-1\" href=\"https:\/\/www.opera.com\/help\/tutorials\/security\/cookies\/\" target=\"_blank\" rel=\"noopener\">Op\u00e9ra<\/a><\/li><li><a tabindex=\"-1\" href=\"https:\/\/support.apple.com\/kb\/ph21411?locale=fr_CA\" target=\"_blank\" rel=\"noopener\">Safari (Mac)<\/a><\/li><li><a tabindex=\"-1\" href=\"https:\/\/support.microsoft.com\/fr-ch\/help\/17442\/windows-internet-explorer-delete-manage-cookies\" target=\"_blank\" rel=\"noopener\">Internet Explorer<\/a><\/li><li><a tabindex=\"-1\" href=\"https:\/\/privacy.microsoft.com\/fr-fr\/windows-10-microsoft-edge-and-privacy\" target=\"_blank\" rel=\"noopener\">Microsoft Edge<\/a> &nbsp;<\/li><\/ul>\n","protected":false},"excerpt":{"rendered":"<p>Cette politique d&rsquo;utilisation des cookies et autres traceurs s&rsquo;applique \u00e0 l&rsquo;ensemble de nos sites Internet (appel\u00e9s ci-apr\u00e8s \u00ab site Internet \u00bb) \u00e9dit\u00e9s par la soci\u00e9t\u00e9 Wifx S\u00e0rl (nomm\u00e9e ci-apr\u00e8s \u00ab Wifx \u00bb). Cette politique d&rsquo;utilisation a pour but de vous expliquer comment nous utilisons les cookies et autres traceurs (nomm\u00e9s \u00ab cookies \u00bb) sur notre [&hellip;]<\/p>\n","protected":false},"author":2,"featured_media":0,"parent":0,"menu_order":0,"comment_status":"closed","ping_status":"closed","template":"","meta":{"_acf_changed":false,"footnotes":""},"class_list":["post-771","page","type-page","status-publish","hentry"],"acf":[],"yoast_head":"<!-- This site is optimized with the Yoast SEO plugin v27.4 - https:\/\/yoast.com\/product\/yoast-seo-wordpress\/ -->\n<title>Cookies - Wifx IoT<\/title>\n<meta name=\"robots\" content=\"index, follow, max-snippet:-1, max-image-preview:large, max-video-preview:-1\" \/>\n<link rel=\"canonical\" href=\"https:\/\/iot.wifx.net\/fr\/cookies\/\" \/>\n<meta property=\"og:locale\" content=\"fr_FR\" \/>\n<meta property=\"og:type\" content=\"article\" \/>\n<meta property=\"og:title\" content=\"Cookies - Wifx IoT\" \/>\n<meta property=\"og:description\" content=\"Cette politique d&rsquo;utilisation des cookies et autres traceurs s&rsquo;applique \u00e0 l&rsquo;ensemble de nos sites Internet (appel\u00e9s ci-apr\u00e8s \u00ab site Internet \u00bb) \u00e9dit\u00e9s par la soci\u00e9t\u00e9 Wifx S\u00e0rl (nomm\u00e9e ci-apr\u00e8s \u00ab Wifx \u00bb). Cette politique d&rsquo;utilisation a pour but de vous expliquer comment nous utilisons les cookies et autres traceurs (nomm\u00e9s \u00ab cookies \u00bb) sur notre [&hellip;]\" \/>\n<meta property=\"og:url\" content=\"https:\/\/iot.wifx.net\/fr\/cookies\/\" \/>\n<meta property=\"og:site_name\" content=\"Wifx IoT\" \/>\n<meta property=\"article:modified_time\" content=\"2022-10-25T09:17:22+00:00\" \/>\n<meta name=\"twitter:card\" content=\"summary_large_image\" \/>\n<meta name=\"twitter:site\" content=\"@Wifx_IoT\" \/>\n<script type=\"application\/ld+json\" class=\"yoast-schema-graph\">{\"@context\":\"https:\\\/\\\/schema.org\",\"@graph\":[{\"@type\":\"WebPage\",\"@id\":\"https:\\\/\\\/iot.wifx.net\\\/fr\\\/cookies\\\/\",\"url\":\"https:\\\/\\\/iot.wifx.net\\\/fr\\\/cookies\\\/\",\"name\":\"Cookies - Wifx IoT\",\"isPartOf\":{\"@id\":\"https:\\\/\\\/iot.wifx.net\\\/fr\\\/#website\"},\"datePublished\":\"2021-10-28T06:45:12+00:00\",\"dateModified\":\"2022-10-25T09:17:22+00:00\",\"breadcrumb\":{\"@id\":\"https:\\\/\\\/iot.wifx.net\\\/fr\\\/cookies\\\/#breadcrumb\"},\"inLanguage\":\"fr-FR\",\"potentialAction\":[{\"@type\":\"ReadAction\",\"target\":[\"https:\\\/\\\/iot.wifx.net\\\/fr\\\/cookies\\\/\"]}]},{\"@type\":\"BreadcrumbList\",\"@id\":\"https:\\\/\\\/iot.wifx.net\\\/fr\\\/cookies\\\/#breadcrumb\",\"itemListElement\":[{\"@type\":\"ListItem\",\"position\":1,\"name\":\"Home\",\"item\":\"https:\\\/\\\/iot.wifx.net\\\/fr\\\/\"},{\"@type\":\"ListItem\",\"position\":2,\"name\":\"Cookies\"}]},{\"@type\":\"WebSite\",\"@id\":\"https:\\\/\\\/iot.wifx.net\\\/fr\\\/#website\",\"url\":\"https:\\\/\\\/iot.wifx.net\\\/fr\\\/\",\"name\":\"Wifx IoT\",\"description\":\"\",\"publisher\":{\"@id\":\"https:\\\/\\\/iot.wifx.net\\\/fr\\\/#organization\"},\"potentialAction\":[{\"@type\":\"SearchAction\",\"target\":{\"@type\":\"EntryPoint\",\"urlTemplate\":\"https:\\\/\\\/iot.wifx.net\\\/fr\\\/?s={search_term_string}\"},\"query-input\":{\"@type\":\"PropertyValueSpecification\",\"valueRequired\":true,\"valueName\":\"search_term_string\"}}],\"inLanguage\":\"fr-FR\"},{\"@type\":\"Organization\",\"@id\":\"https:\\\/\\\/iot.wifx.net\\\/fr\\\/#organization\",\"name\":\"Wifx IoT\",\"url\":\"https:\\\/\\\/iot.wifx.net\\\/fr\\\/\",\"logo\":{\"@type\":\"ImageObject\",\"inLanguage\":\"fr-FR\",\"@id\":\"https:\\\/\\\/iot.wifx.net\\\/fr\\\/#\\\/schema\\\/logo\\\/image\\\/\",\"url\":\"https:\\\/\\\/iot.wifx.net\\\/wp-content\\\/uploads\\\/2022\\\/06\\\/logo_wifx.png\",\"contentUrl\":\"https:\\\/\\\/iot.wifx.net\\\/wp-content\\\/uploads\\\/2022\\\/06\\\/logo_wifx.png\",\"width\":499,\"height\":256,\"caption\":\"Wifx IoT\"},\"image\":{\"@id\":\"https:\\\/\\\/iot.wifx.net\\\/fr\\\/#\\\/schema\\\/logo\\\/image\\\/\"},\"sameAs\":[\"https:\\\/\\\/x.com\\\/Wifx_IoT\",\"https:\\\/\\\/www.linkedin.com\\\/company\\\/wifxsarl\"]}]}<\/script>\n<!-- \/ Yoast SEO plugin. -->","yoast_head_json":{"title":"Cookies - Wifx IoT","robots":{"index":"index","follow":"follow","max-snippet":"max-snippet:-1","max-image-preview":"max-image-preview:large","max-video-preview":"max-video-preview:-1"},"canonical":"https:\/\/iot.wifx.net\/fr\/cookies\/","og_locale":"fr_FR","og_type":"article","og_title":"Cookies - Wifx IoT","og_description":"Cette politique d&rsquo;utilisation des cookies et autres traceurs s&rsquo;applique \u00e0 l&rsquo;ensemble de nos sites Internet (appel\u00e9s ci-apr\u00e8s \u00ab site Internet \u00bb) \u00e9dit\u00e9s par la soci\u00e9t\u00e9 Wifx S\u00e0rl (nomm\u00e9e ci-apr\u00e8s \u00ab Wifx \u00bb). Cette politique d&rsquo;utilisation a pour but de vous expliquer comment nous utilisons les cookies et autres traceurs (nomm\u00e9s \u00ab cookies \u00bb) sur notre [&hellip;]","og_url":"https:\/\/iot.wifx.net\/fr\/cookies\/","og_site_name":"Wifx IoT","article_modified_time":"2022-10-25T09:17:22+00:00","twitter_card":"summary_large_image","twitter_site":"@Wifx_IoT","schema":{"@context":"https:\/\/schema.org","@graph":[{"@type":"WebPage","@id":"https:\/\/iot.wifx.net\/fr\/cookies\/","url":"https:\/\/iot.wifx.net\/fr\/cookies\/","name":"Cookies - Wifx IoT","isPartOf":{"@id":"https:\/\/iot.wifx.net\/fr\/#website"},"datePublished":"2021-10-28T06:45:12+00:00","dateModified":"2022-10-25T09:17:22+00:00","breadcrumb":{"@id":"https:\/\/iot.wifx.net\/fr\/cookies\/#breadcrumb"},"inLanguage":"fr-FR","potentialAction":[{"@type":"ReadAction","target":["https:\/\/iot.wifx.net\/fr\/cookies\/"]}]},{"@type":"BreadcrumbList","@id":"https:\/\/iot.wifx.net\/fr\/cookies\/#breadcrumb","itemListElement":[{"@type":"ListItem","position":1,"name":"Home","item":"https:\/\/iot.wifx.net\/fr\/"},{"@type":"ListItem","position":2,"name":"Cookies"}]},{"@type":"WebSite","@id":"https:\/\/iot.wifx.net\/fr\/#website","url":"https:\/\/iot.wifx.net\/fr\/","name":"Wifx IoT","description":"","publisher":{"@id":"https:\/\/iot.wifx.net\/fr\/#organization"},"potentialAction":[{"@type":"SearchAction","target":{"@type":"EntryPoint","urlTemplate":"https:\/\/iot.wifx.net\/fr\/?s={search_term_string}"},"query-input":{"@type":"PropertyValueSpecification","valueRequired":true,"valueName":"search_term_string"}}],"inLanguage":"fr-FR"},{"@type":"Organization","@id":"https:\/\/iot.wifx.net\/fr\/#organization","name":"Wifx IoT","url":"https:\/\/iot.wifx.net\/fr\/","logo":{"@type":"ImageObject","inLanguage":"fr-FR","@id":"https:\/\/iot.wifx.net\/fr\/#\/schema\/logo\/image\/","url":"https:\/\/iot.wifx.net\/wp-content\/uploads\/2022\/06\/logo_wifx.png","contentUrl":"https:\/\/iot.wifx.net\/wp-content\/uploads\/2022\/06\/logo_wifx.png","width":499,"height":256,"caption":"Wifx IoT"},"image":{"@id":"https:\/\/iot.wifx.net\/fr\/#\/schema\/logo\/image\/"},"sameAs":["https:\/\/x.com\/Wifx_IoT","https:\/\/www.linkedin.com\/company\/wifxsarl"]}]}},"_links":{"self":[{"href":"https:\/\/iot.wifx.net\/fr\/wp-json\/wp\/v2\/pages\/771","targetHints":{"allow":["GET"]}}],"collection":[{"href":"https:\/\/iot.wifx.net\/fr\/wp-json\/wp\/v2\/pages"}],"about":[{"href":"https:\/\/iot.wifx.net\/fr\/wp-json\/wp\/v2\/types\/page"}],"author":[{"embeddable":true,"href":"https:\/\/iot.wifx.net\/fr\/wp-json\/wp\/v2\/users\/2"}],"replies":[{"embeddable":true,"href":"https:\/\/iot.wifx.net\/fr\/wp-json\/wp\/v2\/comments?post=771"}],"version-history":[{"count":4,"href":"https:\/\/iot.wifx.net\/fr\/wp-json\/wp\/v2\/pages\/771\/revisions"}],"predecessor-version":[{"id":2465,"href":"https:\/\/iot.wifx.net\/fr\/wp-json\/wp\/v2\/pages\/771\/revisions\/2465"}],"wp:attachment":[{"href":"https:\/\/iot.wifx.net\/fr\/wp-json\/wp\/v2\/media?parent=771"}],"curies":[{"name":"wp","href":"https:\/\/api.w.org\/{rel}","templated":true}]}}