{"id":757,"date":"2021-10-28T06:31:13","date_gmt":"2021-10-28T06:31:13","guid":{"rendered":"https:\/\/hawai.li\/wifx\/?page_id=757"},"modified":"2021-10-28T06:39:48","modified_gmt":"2021-10-28T06:39:48","slug":"confidentialite","status":"publish","type":"page","link":"https:\/\/iot.wifx.net\/fr\/confidentialite\/","title":{"rendered":"Politique de confidentialit\u00e9"},"content":{"rendered":"\n<p>Wifx S\u00e0rl attache une grande importance \u00e0 la protection des donn\u00e9es personnelles dans les \u00e9changes commerciaux avec ses clients. La pr\u00e9sente d\u00e9claration vous informe sur la nature et l\u2019\u00e9tendue des donn\u00e9es personnelles collect\u00e9es d\u2019une part, et le traitement et l\u2019utilisation de celles-ci d\u2019autre part.<\/p>\n\n\n\n<h2 class=\"wp-block-heading\">R\u00e9colte et enregistrement des donn\u00e9es client<\/h2>\n\n\n\n<p>Wifx est susceptible d\u2019enregistrer des donn\u00e9es concernant ses clients dans le cadre des relations commerciales qu\u2019elle entretient avec eux. Ces donn\u00e9es peuvent \u00eatre recueillies \u00e0 diverses occasions :<\/p>\n\n\n\n<ul class=\"wp-block-list\"><li>lors de l\u2019utilisation du site internet Wifx : dans ce cas, notre serveur collecte des informations telles que votre adresse IP, la date et l\u2019heure de votre visite, les pages visit\u00e9es, le navigateur utilis\u00e9 ou le mot-cl\u00e9 utilis\u00e9 pour votre recherche. Ces informations nous servent \u00e0 am\u00e9liorer continuellement l\u2019utilisation de notre site internet.<\/li><li>lors de votre enregistrement pour un service Wifx : nom, adresse, adresse \u00e9lectronique, \u2026<\/li><li>lorsque vous r\u00e9agissez \u00e0 des offres Wifx qui vous sont soumises par email, courrier ou t\u00e9l\u00e9phone.<\/li><\/ul>\n\n\n\n<h2 class=\"wp-block-heading\">Utilisation et transmission des donn\u00e9es personnelles<\/h2>\n\n\n\n<p>Les donn\u00e9es pr\u00e9cit\u00e9es seront utilis\u00e9es \u00e0 l\u2019int\u00e9rieur de notre soci\u00e9t\u00e9, afin de vous fournir des prestations optimales. Nos collaborateurs sont tenus au respect de la confidentialit\u00e9. Par ailleurs, Wifx est amen\u00e9e \u00e0 transmettre des donn\u00e9es aux partenaires commerciaux avec lesquels elle collabore pour l\u2019octroi de certains services. Nous veillons toutefois \u00e0 ce que ces partenaires ne re\u00e7oivent que les donn\u00e9es n\u00e9cessaires \u00e0 l\u2019ex\u00e9cution de leur mandat et \u00e0 ce qu\u2019ils s\u2019engagent de la m\u00eame fa\u00e7on que Wifx \u00e0 prot\u00e9ger les donn\u00e9es client (par exemple en ne transmettant pas les informations re\u00e7ues \u00e0 d\u2019autres partenaires \u00e0 des fins de publicit\u00e9).<\/p>\n\n\n\n<h2 class=\"wp-block-heading\">Transparence<\/h2>\n\n\n\n<p>Sur simple demande \u00e9crite, vous pouvez obtenir une copie des donn\u00e9es vous concernant (nom, adresse, etc.).<\/p>\n\n\n\n<h2 class=\"wp-block-heading\">S\u00e9curit\u00e9<\/h2>\n\n\n\n<p>Wifx met en \u0153uvre des mesures de s\u00e9curit\u00e9 performantes pour s\u00e9curiser vos donn\u00e9es personnelles et les prot\u00e9ger contre un acc\u00e8s ext\u00e9rieur ou une utilisation abusive. A cette fin, nous contr\u00f4lons et adaptons en permanence nos m\u00e9thodes de s\u00e9curit\u00e9 aux progr\u00e8s technologiques.<\/p>\n\n\n\n<h2 class=\"wp-block-heading\">Accord du client<\/h2>\n\n\n\n<p>Par l\u2019utilisation de nos services, vous d\u00e9clarez accepter la mani\u00e8re dont nous traitons les donn\u00e9es que vous nous soumettez, conform\u00e9ment aux principes et objectifs pr\u00e9cit\u00e9s. Wifx se r\u00e9serve le droit de modifier en tout temps les pr\u00e9sentes dispositions en mati\u00e8re de protection des donn\u00e9es.<\/p>\n\n\n\n<h2 class=\"wp-block-heading\">Contact<\/h2>\n\n\n\n<p>Pour obtenir davantage d\u2019informations sur l\u2019enregistrement et le traitement des donn\u00e9es personnelles par Wifx, vous pouvez nous contacter \u00e0 l\u2019adresse suivante :&nbsp;<a href=\"mailto:info@wifx.net\">info@wifx.net<\/a><\/p>\n","protected":false},"excerpt":{"rendered":"<p>Wifx S\u00e0rl attache une grande importance \u00e0 la protection des donn\u00e9es personnelles dans les \u00e9changes commerciaux avec ses clients. La pr\u00e9sente d\u00e9claration vous informe sur la nature et l\u2019\u00e9tendue des donn\u00e9es personnelles collect\u00e9es d\u2019une part, et le traitement et l\u2019utilisation de celles-ci d\u2019autre part. R\u00e9colte et enregistrement des donn\u00e9es client Wifx est susceptible d\u2019enregistrer des [&hellip;]<\/p>\n","protected":false},"author":2,"featured_media":0,"parent":0,"menu_order":0,"comment_status":"closed","ping_status":"closed","template":"","meta":{"_acf_changed":false,"footnotes":""},"class_list":["post-757","page","type-page","status-publish","hentry"],"acf":[],"yoast_head":"<!-- This site is optimized with the Yoast SEO plugin v27.4 - https:\/\/yoast.com\/product\/yoast-seo-wordpress\/ -->\n<title>Politique de confidentialit\u00e9 - Wifx IoT<\/title>\n<meta name=\"robots\" content=\"index, follow, max-snippet:-1, max-image-preview:large, max-video-preview:-1\" \/>\n<link rel=\"canonical\" href=\"https:\/\/iot.wifx.net\/fr\/confidentialite\/\" \/>\n<meta property=\"og:locale\" content=\"fr_FR\" \/>\n<meta property=\"og:type\" content=\"article\" \/>\n<meta property=\"og:title\" content=\"Politique de confidentialit\u00e9 - Wifx IoT\" \/>\n<meta property=\"og:description\" content=\"Wifx S\u00e0rl attache une grande importance \u00e0 la protection des donn\u00e9es personnelles dans les \u00e9changes commerciaux avec ses clients. La pr\u00e9sente d\u00e9claration vous informe sur la nature et l\u2019\u00e9tendue des donn\u00e9es personnelles collect\u00e9es d\u2019une part, et le traitement et l\u2019utilisation de celles-ci d\u2019autre part. R\u00e9colte et enregistrement des donn\u00e9es client Wifx est susceptible d\u2019enregistrer des [&hellip;]\" \/>\n<meta property=\"og:url\" content=\"https:\/\/iot.wifx.net\/fr\/confidentialite\/\" \/>\n<meta property=\"og:site_name\" content=\"Wifx IoT\" \/>\n<meta property=\"article:modified_time\" content=\"2021-10-28T06:39:48+00:00\" \/>\n<meta name=\"twitter:card\" content=\"summary_large_image\" \/>\n<meta name=\"twitter:site\" content=\"@Wifx_IoT\" \/>\n<meta name=\"twitter:label1\" content=\"Dur\u00e9e de lecture estim\u00e9e\" \/>\n\t<meta name=\"twitter:data1\" content=\"2 minutes\" \/>\n<script type=\"application\/ld+json\" class=\"yoast-schema-graph\">{\"@context\":\"https:\\\/\\\/schema.org\",\"@graph\":[{\"@type\":\"WebPage\",\"@id\":\"https:\\\/\\\/iot.wifx.net\\\/fr\\\/confidentialite\\\/\",\"url\":\"https:\\\/\\\/iot.wifx.net\\\/fr\\\/confidentialite\\\/\",\"name\":\"Politique de confidentialit\u00e9 - Wifx IoT\",\"isPartOf\":{\"@id\":\"https:\\\/\\\/iot.wifx.net\\\/fr\\\/#website\"},\"datePublished\":\"2021-10-28T06:31:13+00:00\",\"dateModified\":\"2021-10-28T06:39:48+00:00\",\"breadcrumb\":{\"@id\":\"https:\\\/\\\/iot.wifx.net\\\/fr\\\/confidentialite\\\/#breadcrumb\"},\"inLanguage\":\"fr-FR\",\"potentialAction\":[{\"@type\":\"ReadAction\",\"target\":[\"https:\\\/\\\/iot.wifx.net\\\/fr\\\/confidentialite\\\/\"]}]},{\"@type\":\"BreadcrumbList\",\"@id\":\"https:\\\/\\\/iot.wifx.net\\\/fr\\\/confidentialite\\\/#breadcrumb\",\"itemListElement\":[{\"@type\":\"ListItem\",\"position\":1,\"name\":\"Home\",\"item\":\"https:\\\/\\\/iot.wifx.net\\\/fr\\\/\"},{\"@type\":\"ListItem\",\"position\":2,\"name\":\"Politique de confidentialit\u00e9\"}]},{\"@type\":\"WebSite\",\"@id\":\"https:\\\/\\\/iot.wifx.net\\\/fr\\\/#website\",\"url\":\"https:\\\/\\\/iot.wifx.net\\\/fr\\\/\",\"name\":\"Wifx IoT\",\"description\":\"\",\"publisher\":{\"@id\":\"https:\\\/\\\/iot.wifx.net\\\/fr\\\/#organization\"},\"potentialAction\":[{\"@type\":\"SearchAction\",\"target\":{\"@type\":\"EntryPoint\",\"urlTemplate\":\"https:\\\/\\\/iot.wifx.net\\\/fr\\\/?s={search_term_string}\"},\"query-input\":{\"@type\":\"PropertyValueSpecification\",\"valueRequired\":true,\"valueName\":\"search_term_string\"}}],\"inLanguage\":\"fr-FR\"},{\"@type\":\"Organization\",\"@id\":\"https:\\\/\\\/iot.wifx.net\\\/fr\\\/#organization\",\"name\":\"Wifx IoT\",\"url\":\"https:\\\/\\\/iot.wifx.net\\\/fr\\\/\",\"logo\":{\"@type\":\"ImageObject\",\"inLanguage\":\"fr-FR\",\"@id\":\"https:\\\/\\\/iot.wifx.net\\\/fr\\\/#\\\/schema\\\/logo\\\/image\\\/\",\"url\":\"https:\\\/\\\/iot.wifx.net\\\/wp-content\\\/uploads\\\/2022\\\/06\\\/logo_wifx.png\",\"contentUrl\":\"https:\\\/\\\/iot.wifx.net\\\/wp-content\\\/uploads\\\/2022\\\/06\\\/logo_wifx.png\",\"width\":499,\"height\":256,\"caption\":\"Wifx IoT\"},\"image\":{\"@id\":\"https:\\\/\\\/iot.wifx.net\\\/fr\\\/#\\\/schema\\\/logo\\\/image\\\/\"},\"sameAs\":[\"https:\\\/\\\/x.com\\\/Wifx_IoT\",\"https:\\\/\\\/www.linkedin.com\\\/company\\\/wifxsarl\"]}]}<\/script>\n<!-- \/ Yoast SEO plugin. -->","yoast_head_json":{"title":"Politique de confidentialit\u00e9 - Wifx IoT","robots":{"index":"index","follow":"follow","max-snippet":"max-snippet:-1","max-image-preview":"max-image-preview:large","max-video-preview":"max-video-preview:-1"},"canonical":"https:\/\/iot.wifx.net\/fr\/confidentialite\/","og_locale":"fr_FR","og_type":"article","og_title":"Politique de confidentialit\u00e9 - Wifx IoT","og_description":"Wifx S\u00e0rl attache une grande importance \u00e0 la protection des donn\u00e9es personnelles dans les \u00e9changes commerciaux avec ses clients. La pr\u00e9sente d\u00e9claration vous informe sur la nature et l\u2019\u00e9tendue des donn\u00e9es personnelles collect\u00e9es d\u2019une part, et le traitement et l\u2019utilisation de celles-ci d\u2019autre part. R\u00e9colte et enregistrement des donn\u00e9es client Wifx est susceptible d\u2019enregistrer des [&hellip;]","og_url":"https:\/\/iot.wifx.net\/fr\/confidentialite\/","og_site_name":"Wifx IoT","article_modified_time":"2021-10-28T06:39:48+00:00","twitter_card":"summary_large_image","twitter_site":"@Wifx_IoT","twitter_misc":{"Dur\u00e9e de lecture estim\u00e9e":"2 minutes"},"schema":{"@context":"https:\/\/schema.org","@graph":[{"@type":"WebPage","@id":"https:\/\/iot.wifx.net\/fr\/confidentialite\/","url":"https:\/\/iot.wifx.net\/fr\/confidentialite\/","name":"Politique de confidentialit\u00e9 - Wifx IoT","isPartOf":{"@id":"https:\/\/iot.wifx.net\/fr\/#website"},"datePublished":"2021-10-28T06:31:13+00:00","dateModified":"2021-10-28T06:39:48+00:00","breadcrumb":{"@id":"https:\/\/iot.wifx.net\/fr\/confidentialite\/#breadcrumb"},"inLanguage":"fr-FR","potentialAction":[{"@type":"ReadAction","target":["https:\/\/iot.wifx.net\/fr\/confidentialite\/"]}]},{"@type":"BreadcrumbList","@id":"https:\/\/iot.wifx.net\/fr\/confidentialite\/#breadcrumb","itemListElement":[{"@type":"ListItem","position":1,"name":"Home","item":"https:\/\/iot.wifx.net\/fr\/"},{"@type":"ListItem","position":2,"name":"Politique de confidentialit\u00e9"}]},{"@type":"WebSite","@id":"https:\/\/iot.wifx.net\/fr\/#website","url":"https:\/\/iot.wifx.net\/fr\/","name":"Wifx IoT","description":"","publisher":{"@id":"https:\/\/iot.wifx.net\/fr\/#organization"},"potentialAction":[{"@type":"SearchAction","target":{"@type":"EntryPoint","urlTemplate":"https:\/\/iot.wifx.net\/fr\/?s={search_term_string}"},"query-input":{"@type":"PropertyValueSpecification","valueRequired":true,"valueName":"search_term_string"}}],"inLanguage":"fr-FR"},{"@type":"Organization","@id":"https:\/\/iot.wifx.net\/fr\/#organization","name":"Wifx IoT","url":"https:\/\/iot.wifx.net\/fr\/","logo":{"@type":"ImageObject","inLanguage":"fr-FR","@id":"https:\/\/iot.wifx.net\/fr\/#\/schema\/logo\/image\/","url":"https:\/\/iot.wifx.net\/wp-content\/uploads\/2022\/06\/logo_wifx.png","contentUrl":"https:\/\/iot.wifx.net\/wp-content\/uploads\/2022\/06\/logo_wifx.png","width":499,"height":256,"caption":"Wifx IoT"},"image":{"@id":"https:\/\/iot.wifx.net\/fr\/#\/schema\/logo\/image\/"},"sameAs":["https:\/\/x.com\/Wifx_IoT","https:\/\/www.linkedin.com\/company\/wifxsarl"]}]}},"_links":{"self":[{"href":"https:\/\/iot.wifx.net\/fr\/wp-json\/wp\/v2\/pages\/757","targetHints":{"allow":["GET"]}}],"collection":[{"href":"https:\/\/iot.wifx.net\/fr\/wp-json\/wp\/v2\/pages"}],"about":[{"href":"https:\/\/iot.wifx.net\/fr\/wp-json\/wp\/v2\/types\/page"}],"author":[{"embeddable":true,"href":"https:\/\/iot.wifx.net\/fr\/wp-json\/wp\/v2\/users\/2"}],"replies":[{"embeddable":true,"href":"https:\/\/iot.wifx.net\/fr\/wp-json\/wp\/v2\/comments?post=757"}],"version-history":[{"count":5,"href":"https:\/\/iot.wifx.net\/fr\/wp-json\/wp\/v2\/pages\/757\/revisions"}],"predecessor-version":[{"id":767,"href":"https:\/\/iot.wifx.net\/fr\/wp-json\/wp\/v2\/pages\/757\/revisions\/767"}],"wp:attachment":[{"href":"https:\/\/iot.wifx.net\/fr\/wp-json\/wp\/v2\/media?parent=757"}],"curies":[{"name":"wp","href":"https:\/\/api.w.org\/{rel}","templated":true}]}}