{"id":669,"date":"2021-09-06T09:07:49","date_gmt":"2021-09-06T08:07:49","guid":{"rendered":"https:\/\/hawai.li\/wifx\/produits\/lorix-os\/"},"modified":"2024-09-23T10:34:16","modified_gmt":"2024-09-23T09:34:16","slug":"lorix-os","status":"publish","type":"page","link":"https:\/\/iot.wifx.net\/fr\/services\/lorix-os\/","title":{"rendered":"LORIX OS"},"content":{"rendered":"\n<p>LORIX OS est un syst\u00e8me d\u2019exploitation stable, s\u00e9curis\u00e9 et fiable, cr\u00e9\u00e9 et support\u00e9 sp\u00e9cialement pour nos passerelles LoRaWAN\u00ae.<\/p>\n\n\n\n<h2 class=\"wp-block-heading\"><strong>Intuitif<\/strong><\/h2>\n\n\n\n<p>LORIX OS fournit des fa\u00e7ons intuitives d\u2019installer, maintenir et surveiller votre passerelle, simplement et efficacement.<\/p>\n\n\n\n<div class=\"wp-block-columns is-layout-flex wp-container-core-columns-is-layout-9d6595d7 wp-block-columns-is-layout-flex\">\n<div class=\"wp-block-column is-layout-flow wp-block-column-is-layout-flow\" style=\"flex-basis:66.66%\">\n<ul class=\"wp-block-list\"><li>Syst\u00e8me de mise \u00e0 jour \u00e0 distance s\u00e9curis\u00e9, fiable et transparent<\/li><li>Interface web r\u00e9active pour smartphone, tablette et ordinateur<\/li><li>Libre choix et configuration du serveur LoRaWAN\u00ae<\/li><li>Gestion et surveillance avanc\u00e9e du transitaire (forwarder) LoRaWAN\u00ae<\/li><\/ul>\n<\/div>\n\n\n\n<div class=\"wp-block-column is-layout-flow wp-block-column-is-layout-flow\" style=\"flex-basis:33.33%\"><div class=\"wp-block-image\">\n<figure class=\"aligncenter size-full is-resized\"><img decoding=\"async\" src=\"https:\/\/iot.wifx.net\/wp-content\/uploads\/2022\/06\/logo-ChirpStack.svg\" alt=\"Logo de ChirpStack\" class=\"wp-image-2281\" width=\"250\"\/><\/figure>\n<\/div>\n\n<div class=\"wp-block-image\">\n<figure class=\"aligncenter size-full is-resized\"><img decoding=\"async\" src=\"https:\/\/iot.wifx.net\/wp-content\/uploads\/2022\/06\/logo-TheThingsNetwork.svg\" alt=\"Logo de The Things Network\" class=\"wp-image-2287\" width=\"130\"\/><\/figure>\n<\/div>\n\n<div class=\"wp-block-image\">\n<figure class=\"aligncenter size-full is-resized\"><img decoding=\"async\" src=\"https:\/\/iot.wifx.net\/wp-content\/uploads\/2022\/01\/logo-loriot.svg\" alt=\"Logo de LORIOT\" class=\"wp-image-1300\" width=\"250\"\/><\/figure>\n<\/div><\/div>\n<\/div>\n\n\n\n<h2 class=\"wp-block-heading\"><strong>Int\u00e9grable<\/strong><\/h2>\n\n\n\n<p>La structure, les outils et la documentation de LORIX OS sont con\u00e7us et cr\u00e9\u00e9s pour aider les int\u00e9grateurs \u00e0 faire de la passerelle une partie int\u00e9grante de leur solution finale de fa\u00e7on fiable et durable.<\/p>\n\n\n\n<div class=\"wp-block-columns is-layout-flex wp-container-core-columns-is-layout-9d6595d7 wp-block-columns-is-layout-flex\">\n<div class=\"wp-block-column is-layout-flow wp-block-column-is-layout-flow\" style=\"flex-basis:66.66%\">\n<ul class=\"wp-block-list\"><li>Int\u00e9gration facile et s\u00e9curis\u00e9e, automatisation au travers d\u2019un API REST utilisant les sp\u00e9cifications OpenAPI<\/li><li>Acc\u00e8s complet au syst\u00e8me de configuration et des outils au travers de SSH<\/li><li>Outils embarqu\u00e9s standards et reconnus<\/li><li>Suite d\u2019outils de compilation (toolchain) ARM\u00ae compl\u00e8te pour compiler des applications additionnelles<\/li><\/ul>\n<\/div>\n\n\n\n<div class=\"wp-block-column is-layout-flow wp-block-column-is-layout-flow\" style=\"flex-basis:33.33%\">\n<figure class=\"wp-block-image size-full is-resized\"><img decoding=\"async\" src=\"https:\/\/iot.wifx.net\/wp-content\/uploads\/2022\/06\/logo-OpenAPI.svg\" alt=\"Logo de OpenAPI\" class=\"wp-image-2284\" width=\"250\"\/><\/figure>\n\n\n\n<figure class=\"wp-block-image size-large is-resized\"><img decoding=\"async\" src=\"https:\/\/iot.wifx.net\/wp-content\/uploads\/2021\/10\/linux-logo-2-e1633535554355.png\" alt=\"Linux logo\" class=\"wp-image-605\" width=\"250\"\/><\/figure>\n<\/div>\n<\/div>\n\n\n\n<h2 class=\"wp-block-heading\"><strong>Personnalisable<\/strong><\/h2>\n\n\n\n<p>Le syst\u00e8me standardis\u00e9 de cr\u00e9ation d\u2019image syst\u00e8me LORIS OS vous permet d\u2019adapter le r\u00e9sultat \u00e0 tous les niveaux pour suivre vos besoins.<\/p>\n\n\n\n<div class=\"wp-block-columns is-layout-flex wp-container-core-columns-is-layout-9d6595d7 wp-block-columns-is-layout-flex\">\n<div class=\"wp-block-column is-layout-flow wp-block-column-is-layout-flow\" style=\"flex-basis:66.66%\">\n<ul class=\"wp-block-list\"><li>Syst\u00e8me de cr\u00e9ation d\u2019image compl\u00e8tement ouvert et personnalisable pour cr\u00e9er votre propre image syst\u00e8me<\/li><li>Possibilit\u00e9 d\u2019int\u00e9grer vos propres applications et outils dans l\u2019image pour cr\u00e9er une passerelle selon vos besoins sp\u00e9cifiques<\/li><li>Construction intelligente bas\u00e9e sur le projet Yocto qui vous permet de maintenir vos activit\u00e9s \u00e0 long terme sans perdre de temps<\/li><\/ul>\n<\/div>\n\n\n\n<div class=\"wp-block-column is-layout-flow wp-block-column-is-layout-flow\" style=\"flex-basis:33.33%\">\n<figure class=\"wp-block-image size-full is-resized\"><img decoding=\"async\" src=\"https:\/\/iot.wifx.net\/wp-content\/uploads\/2022\/06\/logo-Yocto.svg\" alt=\"Logo de Yocto project\" class=\"wp-image-2278\" width=\"250\"\/><\/figure>\n<\/div>\n<\/div>\n\n\n\n<p><strong>Transitaire de paquets (packet forwarder) disponibles<\/strong><\/p>\n\n\n\n<ul class=\"wp-block-list\"><li><a href=\"https:\/\/github.com\/Lora-net\/packet_forwarder\" target=\"_blank\" rel=\"noreferrer noopener\">Semtech UDP Packet Forwarder<\/a><\/li><li><a href=\"https:\/\/lora-developers.semtech.com\/build\/software\/lora-basics\/lora-basics-for-gateways\" target=\"_blank\" rel=\"noreferrer noopener\">LoRa Basics\u2122 Station<\/a><\/li><li><a href=\"https:\/\/www.chirpstack.io\/gateway-bridge\/\" target=\"_blank\" rel=\"noreferrer noopener\">ChirpStack Gateway Bridge<\/a><\/li><li><a href=\"https:\/\/www.loriot.io\/\" target=\"_blank\" rel=\"noreferrer noopener\">LORIOT<\/a>&nbsp;cloud client<\/li><li>Tout autre transitaire embarqu\u00e9 est facilement int\u00e9grable<\/li><\/ul>\n","protected":false},"excerpt":{"rendered":"<p>LORIX OS est un syst\u00e8me d\u2019exploitation stable, s\u00e9curis\u00e9 et fiable, cr\u00e9\u00e9 et support\u00e9 sp\u00e9cialement pour nos passerelles LoRaWAN\u00ae. Intuitif LORIX OS fournit des fa\u00e7ons intuitives d\u2019installer, maintenir et surveiller votre passerelle, simplement et efficacement. Syst\u00e8me de mise \u00e0 jour \u00e0 distance s\u00e9curis\u00e9, fiable et transparent Interface web r\u00e9active pour smartphone, tablette et ordinateur Libre choix [&hellip;]<\/p>\n","protected":false},"author":2,"featured_media":1127,"parent":434,"menu_order":0,"comment_status":"closed","ping_status":"closed","template":"template-services.php","meta":{"_acf_changed":false,"footnotes":""},"class_list":["post-669","page","type-page","status-publish","has-post-thumbnail","hentry"],"acf":[],"yoast_head":"<!-- This site is optimized with the Yoast SEO plugin v27.4 - https:\/\/yoast.com\/product\/yoast-seo-wordpress\/ -->\n<title>LORIX OS - Wifx IoT<\/title>\n<meta name=\"description\" content=\"LORIX OS est un syst\u00e8me d\u2019exploitation stable, s\u00e9curis\u00e9 et fiable, cr\u00e9\u00e9 et support\u00e9 sp\u00e9cialement pour nos passerelles LoRaWAN\u00ae.\" \/>\n<meta name=\"robots\" content=\"index, follow, max-snippet:-1, max-image-preview:large, max-video-preview:-1\" \/>\n<link rel=\"canonical\" href=\"https:\/\/iot.wifx.net\/fr\/services\/lorix-os\/\" \/>\n<meta property=\"og:locale\" content=\"fr_FR\" \/>\n<meta property=\"og:type\" content=\"article\" \/>\n<meta property=\"og:title\" content=\"LORIX OS - Wifx IoT\" \/>\n<meta property=\"og:description\" content=\"LORIX OS est un syst\u00e8me d\u2019exploitation stable, s\u00e9curis\u00e9 et fiable, cr\u00e9\u00e9 et support\u00e9 sp\u00e9cialement pour nos passerelles LoRaWAN\u00ae.\" \/>\n<meta property=\"og:url\" content=\"https:\/\/iot.wifx.net\/fr\/services\/lorix-os\/\" \/>\n<meta property=\"og:site_name\" content=\"Wifx IoT\" \/>\n<meta property=\"article:modified_time\" content=\"2024-09-23T09:34:16+00:00\" \/>\n<meta property=\"og:image\" content=\"https:\/\/iot.wifx.net\/wp-content\/uploads\/2021\/12\/header-LORIX-OS-roof.jpg\" \/>\n\t<meta property=\"og:image:width\" content=\"2560\" \/>\n\t<meta property=\"og:image:height\" content=\"800\" \/>\n\t<meta property=\"og:image:type\" content=\"image\/jpeg\" \/>\n<meta name=\"twitter:card\" content=\"summary_large_image\" \/>\n<meta name=\"twitter:site\" content=\"@Wifx_IoT\" \/>\n<meta name=\"twitter:label1\" content=\"Dur\u00e9e de lecture estim\u00e9e\" \/>\n\t<meta name=\"twitter:data1\" content=\"3 minutes\" \/>\n<script type=\"application\/ld+json\" class=\"yoast-schema-graph\">{\"@context\":\"https:\\\/\\\/schema.org\",\"@graph\":[{\"@type\":\"WebPage\",\"@id\":\"https:\\\/\\\/iot.wifx.net\\\/fr\\\/services\\\/lorix-os\\\/\",\"url\":\"https:\\\/\\\/iot.wifx.net\\\/fr\\\/services\\\/lorix-os\\\/\",\"name\":\"LORIX OS - Wifx IoT\",\"isPartOf\":{\"@id\":\"https:\\\/\\\/iot.wifx.net\\\/fr\\\/#website\"},\"primaryImageOfPage\":{\"@id\":\"https:\\\/\\\/iot.wifx.net\\\/fr\\\/services\\\/lorix-os\\\/#primaryimage\"},\"image\":{\"@id\":\"https:\\\/\\\/iot.wifx.net\\\/fr\\\/services\\\/lorix-os\\\/#primaryimage\"},\"thumbnailUrl\":\"https:\\\/\\\/iot.wifx.net\\\/wp-content\\\/uploads\\\/2021\\\/12\\\/header-LORIX-OS-roof.jpg\",\"datePublished\":\"2021-09-06T08:07:49+00:00\",\"dateModified\":\"2024-09-23T09:34:16+00:00\",\"description\":\"LORIX OS est un syst\u00e8me d\u2019exploitation stable, s\u00e9curis\u00e9 et fiable, cr\u00e9\u00e9 et support\u00e9 sp\u00e9cialement pour nos passerelles LoRaWAN\u00ae.\",\"breadcrumb\":{\"@id\":\"https:\\\/\\\/iot.wifx.net\\\/fr\\\/services\\\/lorix-os\\\/#breadcrumb\"},\"inLanguage\":\"fr-FR\",\"potentialAction\":[{\"@type\":\"ReadAction\",\"target\":[\"https:\\\/\\\/iot.wifx.net\\\/fr\\\/services\\\/lorix-os\\\/\"]}]},{\"@type\":\"ImageObject\",\"inLanguage\":\"fr-FR\",\"@id\":\"https:\\\/\\\/iot.wifx.net\\\/fr\\\/services\\\/lorix-os\\\/#primaryimage\",\"url\":\"https:\\\/\\\/iot.wifx.net\\\/wp-content\\\/uploads\\\/2021\\\/12\\\/header-LORIX-OS-roof.jpg\",\"contentUrl\":\"https:\\\/\\\/iot.wifx.net\\\/wp-content\\\/uploads\\\/2021\\\/12\\\/header-LORIX-OS-roof.jpg\",\"width\":2560,\"height\":800},{\"@type\":\"BreadcrumbList\",\"@id\":\"https:\\\/\\\/iot.wifx.net\\\/fr\\\/services\\\/lorix-os\\\/#breadcrumb\",\"itemListElement\":[{\"@type\":\"ListItem\",\"position\":1,\"name\":\"Home\",\"item\":\"https:\\\/\\\/iot.wifx.net\\\/fr\\\/\"},{\"@type\":\"ListItem\",\"position\":2,\"name\":\"Services\",\"item\":\"https:\\\/\\\/iot.wifx.net\\\/fr\\\/services\\\/\"},{\"@type\":\"ListItem\",\"position\":3,\"name\":\"LORIX OS\"}]},{\"@type\":\"WebSite\",\"@id\":\"https:\\\/\\\/iot.wifx.net\\\/fr\\\/#website\",\"url\":\"https:\\\/\\\/iot.wifx.net\\\/fr\\\/\",\"name\":\"Wifx IoT\",\"description\":\"\",\"publisher\":{\"@id\":\"https:\\\/\\\/iot.wifx.net\\\/fr\\\/#organization\"},\"potentialAction\":[{\"@type\":\"SearchAction\",\"target\":{\"@type\":\"EntryPoint\",\"urlTemplate\":\"https:\\\/\\\/iot.wifx.net\\\/fr\\\/?s={search_term_string}\"},\"query-input\":{\"@type\":\"PropertyValueSpecification\",\"valueRequired\":true,\"valueName\":\"search_term_string\"}}],\"inLanguage\":\"fr-FR\"},{\"@type\":\"Organization\",\"@id\":\"https:\\\/\\\/iot.wifx.net\\\/fr\\\/#organization\",\"name\":\"Wifx IoT\",\"url\":\"https:\\\/\\\/iot.wifx.net\\\/fr\\\/\",\"logo\":{\"@type\":\"ImageObject\",\"inLanguage\":\"fr-FR\",\"@id\":\"https:\\\/\\\/iot.wifx.net\\\/fr\\\/#\\\/schema\\\/logo\\\/image\\\/\",\"url\":\"https:\\\/\\\/iot.wifx.net\\\/wp-content\\\/uploads\\\/2022\\\/06\\\/logo_wifx.png\",\"contentUrl\":\"https:\\\/\\\/iot.wifx.net\\\/wp-content\\\/uploads\\\/2022\\\/06\\\/logo_wifx.png\",\"width\":499,\"height\":256,\"caption\":\"Wifx IoT\"},\"image\":{\"@id\":\"https:\\\/\\\/iot.wifx.net\\\/fr\\\/#\\\/schema\\\/logo\\\/image\\\/\"},\"sameAs\":[\"https:\\\/\\\/x.com\\\/Wifx_IoT\",\"https:\\\/\\\/www.linkedin.com\\\/company\\\/wifxsarl\"]}]}<\/script>\n<!-- \/ Yoast SEO plugin. -->","yoast_head_json":{"title":"LORIX OS - Wifx IoT","description":"LORIX OS est un syst\u00e8me d\u2019exploitation stable, s\u00e9curis\u00e9 et fiable, cr\u00e9\u00e9 et support\u00e9 sp\u00e9cialement pour nos passerelles LoRaWAN\u00ae.","robots":{"index":"index","follow":"follow","max-snippet":"max-snippet:-1","max-image-preview":"max-image-preview:large","max-video-preview":"max-video-preview:-1"},"canonical":"https:\/\/iot.wifx.net\/fr\/services\/lorix-os\/","og_locale":"fr_FR","og_type":"article","og_title":"LORIX OS - Wifx IoT","og_description":"LORIX OS est un syst\u00e8me d\u2019exploitation stable, s\u00e9curis\u00e9 et fiable, cr\u00e9\u00e9 et support\u00e9 sp\u00e9cialement pour nos passerelles LoRaWAN\u00ae.","og_url":"https:\/\/iot.wifx.net\/fr\/services\/lorix-os\/","og_site_name":"Wifx IoT","article_modified_time":"2024-09-23T09:34:16+00:00","og_image":[{"width":2560,"height":800,"url":"https:\/\/iot.wifx.net\/wp-content\/uploads\/2021\/12\/header-LORIX-OS-roof.jpg","type":"image\/jpeg"}],"twitter_card":"summary_large_image","twitter_site":"@Wifx_IoT","twitter_misc":{"Dur\u00e9e de lecture estim\u00e9e":"3 minutes"},"schema":{"@context":"https:\/\/schema.org","@graph":[{"@type":"WebPage","@id":"https:\/\/iot.wifx.net\/fr\/services\/lorix-os\/","url":"https:\/\/iot.wifx.net\/fr\/services\/lorix-os\/","name":"LORIX OS - Wifx IoT","isPartOf":{"@id":"https:\/\/iot.wifx.net\/fr\/#website"},"primaryImageOfPage":{"@id":"https:\/\/iot.wifx.net\/fr\/services\/lorix-os\/#primaryimage"},"image":{"@id":"https:\/\/iot.wifx.net\/fr\/services\/lorix-os\/#primaryimage"},"thumbnailUrl":"https:\/\/iot.wifx.net\/wp-content\/uploads\/2021\/12\/header-LORIX-OS-roof.jpg","datePublished":"2021-09-06T08:07:49+00:00","dateModified":"2024-09-23T09:34:16+00:00","description":"LORIX OS est un syst\u00e8me d\u2019exploitation stable, s\u00e9curis\u00e9 et fiable, cr\u00e9\u00e9 et support\u00e9 sp\u00e9cialement pour nos passerelles LoRaWAN\u00ae.","breadcrumb":{"@id":"https:\/\/iot.wifx.net\/fr\/services\/lorix-os\/#breadcrumb"},"inLanguage":"fr-FR","potentialAction":[{"@type":"ReadAction","target":["https:\/\/iot.wifx.net\/fr\/services\/lorix-os\/"]}]},{"@type":"ImageObject","inLanguage":"fr-FR","@id":"https:\/\/iot.wifx.net\/fr\/services\/lorix-os\/#primaryimage","url":"https:\/\/iot.wifx.net\/wp-content\/uploads\/2021\/12\/header-LORIX-OS-roof.jpg","contentUrl":"https:\/\/iot.wifx.net\/wp-content\/uploads\/2021\/12\/header-LORIX-OS-roof.jpg","width":2560,"height":800},{"@type":"BreadcrumbList","@id":"https:\/\/iot.wifx.net\/fr\/services\/lorix-os\/#breadcrumb","itemListElement":[{"@type":"ListItem","position":1,"name":"Home","item":"https:\/\/iot.wifx.net\/fr\/"},{"@type":"ListItem","position":2,"name":"Services","item":"https:\/\/iot.wifx.net\/fr\/services\/"},{"@type":"ListItem","position":3,"name":"LORIX OS"}]},{"@type":"WebSite","@id":"https:\/\/iot.wifx.net\/fr\/#website","url":"https:\/\/iot.wifx.net\/fr\/","name":"Wifx IoT","description":"","publisher":{"@id":"https:\/\/iot.wifx.net\/fr\/#organization"},"potentialAction":[{"@type":"SearchAction","target":{"@type":"EntryPoint","urlTemplate":"https:\/\/iot.wifx.net\/fr\/?s={search_term_string}"},"query-input":{"@type":"PropertyValueSpecification","valueRequired":true,"valueName":"search_term_string"}}],"inLanguage":"fr-FR"},{"@type":"Organization","@id":"https:\/\/iot.wifx.net\/fr\/#organization","name":"Wifx IoT","url":"https:\/\/iot.wifx.net\/fr\/","logo":{"@type":"ImageObject","inLanguage":"fr-FR","@id":"https:\/\/iot.wifx.net\/fr\/#\/schema\/logo\/image\/","url":"https:\/\/iot.wifx.net\/wp-content\/uploads\/2022\/06\/logo_wifx.png","contentUrl":"https:\/\/iot.wifx.net\/wp-content\/uploads\/2022\/06\/logo_wifx.png","width":499,"height":256,"caption":"Wifx IoT"},"image":{"@id":"https:\/\/iot.wifx.net\/fr\/#\/schema\/logo\/image\/"},"sameAs":["https:\/\/x.com\/Wifx_IoT","https:\/\/www.linkedin.com\/company\/wifxsarl"]}]}},"_links":{"self":[{"href":"https:\/\/iot.wifx.net\/fr\/wp-json\/wp\/v2\/pages\/669","targetHints":{"allow":["GET"]}}],"collection":[{"href":"https:\/\/iot.wifx.net\/fr\/wp-json\/wp\/v2\/pages"}],"about":[{"href":"https:\/\/iot.wifx.net\/fr\/wp-json\/wp\/v2\/types\/page"}],"author":[{"embeddable":true,"href":"https:\/\/iot.wifx.net\/fr\/wp-json\/wp\/v2\/users\/2"}],"replies":[{"embeddable":true,"href":"https:\/\/iot.wifx.net\/fr\/wp-json\/wp\/v2\/comments?post=669"}],"version-history":[{"count":39,"href":"https:\/\/iot.wifx.net\/fr\/wp-json\/wp\/v2\/pages\/669\/revisions"}],"predecessor-version":[{"id":2678,"href":"https:\/\/iot.wifx.net\/fr\/wp-json\/wp\/v2\/pages\/669\/revisions\/2678"}],"up":[{"embeddable":true,"href":"https:\/\/iot.wifx.net\/fr\/wp-json\/wp\/v2\/pages\/434"}],"wp:featuredmedia":[{"embeddable":true,"href":"https:\/\/iot.wifx.net\/fr\/wp-json\/wp\/v2\/media\/1127"}],"wp:attachment":[{"href":"https:\/\/iot.wifx.net\/fr\/wp-json\/wp\/v2\/media?parent=669"}],"curies":[{"name":"wp","href":"https:\/\/api.w.org\/{rel}","templated":true}]}}