{"id":36,"date":"2021-09-06T09:09:26","date_gmt":"2021-09-06T09:09:26","guid":{"rendered":"https:\/\/hawai.li\/wifx\/?page_id=36"},"modified":"2022-06-23T11:46:09","modified_gmt":"2022-06-23T10:46:09","slug":"quest-ce-que-lorawan","status":"publish","type":"page","link":"https:\/\/iot.wifx.net\/fr\/solutions\/quest-ce-que-lorawan\/","title":{"rendered":"Qu&rsquo;est-ce que le LoRaWAN ?"},"content":{"rendered":"\n<p>Le LoRaWAN est un protocole de communication sans fil LPWAN, Low Power Wide Area Network, ou r\u00e9seau \u00e9tendu \u00e0 basse consommation. Sp\u00e9cialis\u00e9 dans le domaine de l&rsquo;IoT, il permet \u00e0 des capteurs ou des objets d&rsquo;envoyer de mani\u00e8re s\u00e9curis\u00e9e de petites quantit\u00e9s de donn\u00e9es sur de longues distances en utilisant tr\u00e8s peu d&rsquo;\u00e9nergie.<\/p>\n\n\n\n<p>C&rsquo;est un protocole ouvert et libre, soutenu et promu par la LoRa Alliance.<\/p>\n\n\n\n<figure class=\"wp-block-embed is-type-video is-provider-youtube wp-block-embed-youtube wp-embed-aspect-16-9 wp-has-aspect-ratio\"><div class=\"wp-block-embed__wrapper\">\n<iframe loading=\"lazy\" title=\"Introduction to LoRaWAN\u00ae\" width=\"500\" height=\"281\" src=\"https:\/\/www.youtube.com\/embed\/rQ1AEA06Byw?start=91&#038;feature=oembed\" frameborder=\"0\" allow=\"accelerometer; autoplay; clipboard-write; encrypted-media; gyroscope; picture-in-picture; web-share\" referrerpolicy=\"strict-origin-when-cross-origin\" allowfullscreen><\/iframe>\n<\/div><\/figure>\n","protected":false},"excerpt":{"rendered":"<p>Le LoRaWAN est un protocole de communication sans fil LPWAN, Low Power Wide Area Network, ou r\u00e9seau \u00e9tendu \u00e0 basse consommation. Sp\u00e9cialis\u00e9 dans le domaine de l&rsquo;IoT, il permet \u00e0 des capteurs ou des objets d&rsquo;envoyer de mani\u00e8re s\u00e9curis\u00e9e de petites quantit\u00e9s de donn\u00e9es sur de longues distances en utilisant tr\u00e8s peu d&rsquo;\u00e9nergie. C&rsquo;est un [&hellip;]<\/p>\n","protected":false},"author":2,"featured_media":0,"parent":12,"menu_order":0,"comment_status":"closed","ping_status":"closed","template":"template-flexible-content.php","meta":{"_acf_changed":false,"footnotes":""},"class_list":["post-36","page","type-page","status-publish","hentry"],"acf":[],"yoast_head":"<!-- This site is optimized with the Yoast SEO plugin v27.4 - https:\/\/yoast.com\/product\/yoast-seo-wordpress\/ -->\n<title>Qu&#039;est-ce que le LoRaWAN ? - Wifx IoT<\/title>\n<meta name=\"robots\" content=\"index, follow, max-snippet:-1, max-image-preview:large, max-video-preview:-1\" \/>\n<link rel=\"canonical\" href=\"https:\/\/iot.wifx.net\/fr\/solutions\/quest-ce-que-lorawan\/\" \/>\n<meta property=\"og:locale\" content=\"fr_FR\" \/>\n<meta property=\"og:type\" content=\"article\" \/>\n<meta property=\"og:title\" content=\"Qu&#039;est-ce que le LoRaWAN ? - Wifx IoT\" \/>\n<meta property=\"og:description\" content=\"Le LoRaWAN est un protocole de communication sans fil LPWAN, Low Power Wide Area Network, ou r\u00e9seau \u00e9tendu \u00e0 basse consommation. Sp\u00e9cialis\u00e9 dans le domaine de l&rsquo;IoT, il permet \u00e0 des capteurs ou des objets d&rsquo;envoyer de mani\u00e8re s\u00e9curis\u00e9e de petites quantit\u00e9s de donn\u00e9es sur de longues distances en utilisant tr\u00e8s peu d&rsquo;\u00e9nergie. C&rsquo;est un [&hellip;]\" \/>\n<meta property=\"og:url\" content=\"https:\/\/iot.wifx.net\/fr\/solutions\/quest-ce-que-lorawan\/\" \/>\n<meta property=\"og:site_name\" content=\"Wifx IoT\" \/>\n<meta property=\"article:modified_time\" content=\"2022-06-23T10:46:09+00:00\" \/>\n<meta name=\"twitter:card\" content=\"summary_large_image\" \/>\n<meta name=\"twitter:site\" content=\"@Wifx_IoT\" \/>\n<meta name=\"twitter:label1\" content=\"Dur\u00e9e de lecture estim\u00e9e\" \/>\n\t<meta name=\"twitter:data1\" content=\"1 minute\" \/>\n<script type=\"application\/ld+json\" class=\"yoast-schema-graph\">{\"@context\":\"https:\\\/\\\/schema.org\",\"@graph\":[{\"@type\":\"WebPage\",\"@id\":\"https:\\\/\\\/iot.wifx.net\\\/fr\\\/solutions\\\/quest-ce-que-lorawan\\\/\",\"url\":\"https:\\\/\\\/iot.wifx.net\\\/fr\\\/solutions\\\/quest-ce-que-lorawan\\\/\",\"name\":\"Qu'est-ce que le LoRaWAN ? - Wifx IoT\",\"isPartOf\":{\"@id\":\"https:\\\/\\\/iot.wifx.net\\\/fr\\\/#website\"},\"datePublished\":\"2021-09-06T09:09:26+00:00\",\"dateModified\":\"2022-06-23T10:46:09+00:00\",\"breadcrumb\":{\"@id\":\"https:\\\/\\\/iot.wifx.net\\\/fr\\\/solutions\\\/quest-ce-que-lorawan\\\/#breadcrumb\"},\"inLanguage\":\"fr-FR\",\"potentialAction\":[{\"@type\":\"ReadAction\",\"target\":[\"https:\\\/\\\/iot.wifx.net\\\/fr\\\/solutions\\\/quest-ce-que-lorawan\\\/\"]}]},{\"@type\":\"BreadcrumbList\",\"@id\":\"https:\\\/\\\/iot.wifx.net\\\/fr\\\/solutions\\\/quest-ce-que-lorawan\\\/#breadcrumb\",\"itemListElement\":[{\"@type\":\"ListItem\",\"position\":1,\"name\":\"Home\",\"item\":\"https:\\\/\\\/iot.wifx.net\\\/fr\\\/\"},{\"@type\":\"ListItem\",\"position\":2,\"name\":\"Solutions\",\"item\":\"https:\\\/\\\/iot.wifx.net\\\/fr\\\/solutions\\\/\"},{\"@type\":\"ListItem\",\"position\":3,\"name\":\"Qu&rsquo;est-ce que le LoRaWAN ?\"}]},{\"@type\":\"WebSite\",\"@id\":\"https:\\\/\\\/iot.wifx.net\\\/fr\\\/#website\",\"url\":\"https:\\\/\\\/iot.wifx.net\\\/fr\\\/\",\"name\":\"Wifx IoT\",\"description\":\"\",\"publisher\":{\"@id\":\"https:\\\/\\\/iot.wifx.net\\\/fr\\\/#organization\"},\"potentialAction\":[{\"@type\":\"SearchAction\",\"target\":{\"@type\":\"EntryPoint\",\"urlTemplate\":\"https:\\\/\\\/iot.wifx.net\\\/fr\\\/?s={search_term_string}\"},\"query-input\":{\"@type\":\"PropertyValueSpecification\",\"valueRequired\":true,\"valueName\":\"search_term_string\"}}],\"inLanguage\":\"fr-FR\"},{\"@type\":\"Organization\",\"@id\":\"https:\\\/\\\/iot.wifx.net\\\/fr\\\/#organization\",\"name\":\"Wifx IoT\",\"url\":\"https:\\\/\\\/iot.wifx.net\\\/fr\\\/\",\"logo\":{\"@type\":\"ImageObject\",\"inLanguage\":\"fr-FR\",\"@id\":\"https:\\\/\\\/iot.wifx.net\\\/fr\\\/#\\\/schema\\\/logo\\\/image\\\/\",\"url\":\"https:\\\/\\\/iot.wifx.net\\\/wp-content\\\/uploads\\\/2022\\\/06\\\/logo_wifx.png\",\"contentUrl\":\"https:\\\/\\\/iot.wifx.net\\\/wp-content\\\/uploads\\\/2022\\\/06\\\/logo_wifx.png\",\"width\":499,\"height\":256,\"caption\":\"Wifx IoT\"},\"image\":{\"@id\":\"https:\\\/\\\/iot.wifx.net\\\/fr\\\/#\\\/schema\\\/logo\\\/image\\\/\"},\"sameAs\":[\"https:\\\/\\\/x.com\\\/Wifx_IoT\",\"https:\\\/\\\/www.linkedin.com\\\/company\\\/wifxsarl\"]}]}<\/script>\n<!-- \/ Yoast SEO plugin. -->","yoast_head_json":{"title":"Qu'est-ce que le LoRaWAN ? - Wifx IoT","robots":{"index":"index","follow":"follow","max-snippet":"max-snippet:-1","max-image-preview":"max-image-preview:large","max-video-preview":"max-video-preview:-1"},"canonical":"https:\/\/iot.wifx.net\/fr\/solutions\/quest-ce-que-lorawan\/","og_locale":"fr_FR","og_type":"article","og_title":"Qu'est-ce que le LoRaWAN ? - Wifx IoT","og_description":"Le LoRaWAN est un protocole de communication sans fil LPWAN, Low Power Wide Area Network, ou r\u00e9seau \u00e9tendu \u00e0 basse consommation. Sp\u00e9cialis\u00e9 dans le domaine de l&rsquo;IoT, il permet \u00e0 des capteurs ou des objets d&rsquo;envoyer de mani\u00e8re s\u00e9curis\u00e9e de petites quantit\u00e9s de donn\u00e9es sur de longues distances en utilisant tr\u00e8s peu d&rsquo;\u00e9nergie. C&rsquo;est un [&hellip;]","og_url":"https:\/\/iot.wifx.net\/fr\/solutions\/quest-ce-que-lorawan\/","og_site_name":"Wifx IoT","article_modified_time":"2022-06-23T10:46:09+00:00","twitter_card":"summary_large_image","twitter_site":"@Wifx_IoT","twitter_misc":{"Dur\u00e9e de lecture estim\u00e9e":"1 minute"},"schema":{"@context":"https:\/\/schema.org","@graph":[{"@type":"WebPage","@id":"https:\/\/iot.wifx.net\/fr\/solutions\/quest-ce-que-lorawan\/","url":"https:\/\/iot.wifx.net\/fr\/solutions\/quest-ce-que-lorawan\/","name":"Qu'est-ce que le LoRaWAN ? - Wifx IoT","isPartOf":{"@id":"https:\/\/iot.wifx.net\/fr\/#website"},"datePublished":"2021-09-06T09:09:26+00:00","dateModified":"2022-06-23T10:46:09+00:00","breadcrumb":{"@id":"https:\/\/iot.wifx.net\/fr\/solutions\/quest-ce-que-lorawan\/#breadcrumb"},"inLanguage":"fr-FR","potentialAction":[{"@type":"ReadAction","target":["https:\/\/iot.wifx.net\/fr\/solutions\/quest-ce-que-lorawan\/"]}]},{"@type":"BreadcrumbList","@id":"https:\/\/iot.wifx.net\/fr\/solutions\/quest-ce-que-lorawan\/#breadcrumb","itemListElement":[{"@type":"ListItem","position":1,"name":"Home","item":"https:\/\/iot.wifx.net\/fr\/"},{"@type":"ListItem","position":2,"name":"Solutions","item":"https:\/\/iot.wifx.net\/fr\/solutions\/"},{"@type":"ListItem","position":3,"name":"Qu&rsquo;est-ce que le LoRaWAN ?"}]},{"@type":"WebSite","@id":"https:\/\/iot.wifx.net\/fr\/#website","url":"https:\/\/iot.wifx.net\/fr\/","name":"Wifx IoT","description":"","publisher":{"@id":"https:\/\/iot.wifx.net\/fr\/#organization"},"potentialAction":[{"@type":"SearchAction","target":{"@type":"EntryPoint","urlTemplate":"https:\/\/iot.wifx.net\/fr\/?s={search_term_string}"},"query-input":{"@type":"PropertyValueSpecification","valueRequired":true,"valueName":"search_term_string"}}],"inLanguage":"fr-FR"},{"@type":"Organization","@id":"https:\/\/iot.wifx.net\/fr\/#organization","name":"Wifx IoT","url":"https:\/\/iot.wifx.net\/fr\/","logo":{"@type":"ImageObject","inLanguage":"fr-FR","@id":"https:\/\/iot.wifx.net\/fr\/#\/schema\/logo\/image\/","url":"https:\/\/iot.wifx.net\/wp-content\/uploads\/2022\/06\/logo_wifx.png","contentUrl":"https:\/\/iot.wifx.net\/wp-content\/uploads\/2022\/06\/logo_wifx.png","width":499,"height":256,"caption":"Wifx IoT"},"image":{"@id":"https:\/\/iot.wifx.net\/fr\/#\/schema\/logo\/image\/"},"sameAs":["https:\/\/x.com\/Wifx_IoT","https:\/\/www.linkedin.com\/company\/wifxsarl"]}]}},"_links":{"self":[{"href":"https:\/\/iot.wifx.net\/fr\/wp-json\/wp\/v2\/pages\/36","targetHints":{"allow":["GET"]}}],"collection":[{"href":"https:\/\/iot.wifx.net\/fr\/wp-json\/wp\/v2\/pages"}],"about":[{"href":"https:\/\/iot.wifx.net\/fr\/wp-json\/wp\/v2\/types\/page"}],"author":[{"embeddable":true,"href":"https:\/\/iot.wifx.net\/fr\/wp-json\/wp\/v2\/users\/2"}],"replies":[{"embeddable":true,"href":"https:\/\/iot.wifx.net\/fr\/wp-json\/wp\/v2\/comments?post=36"}],"version-history":[{"count":19,"href":"https:\/\/iot.wifx.net\/fr\/wp-json\/wp\/v2\/pages\/36\/revisions"}],"predecessor-version":[{"id":2227,"href":"https:\/\/iot.wifx.net\/fr\/wp-json\/wp\/v2\/pages\/36\/revisions\/2227"}],"up":[{"embeddable":true,"href":"https:\/\/iot.wifx.net\/fr\/wp-json\/wp\/v2\/pages\/12"}],"wp:attachment":[{"href":"https:\/\/iot.wifx.net\/fr\/wp-json\/wp\/v2\/media?parent=36"}],"curies":[{"name":"wp","href":"https:\/\/api.w.org\/{rel}","templated":true}]}}