{"id":32,"date":"2021-09-06T09:08:36","date_gmt":"2021-09-06T09:08:36","guid":{"rendered":"https:\/\/hawai.li\/wifx\/?page_id=32"},"modified":"2025-05-06T14:48:27","modified_gmt":"2025-05-06T13:48:27","slug":"wifx-connect","status":"publish","type":"page","link":"https:\/\/iot.wifx.net\/fr\/services\/wifx-connect\/","title":{"rendered":"Wifx Connect"},"content":{"rendered":"\n<p>Avec <a href=\"https:\/\/connect.iot.wifx.net\/\">Wifx Connect<\/a>, vous pouvez vous connecter \u00e0 vos passerelles \u00e0 n&rsquo;importe quel moment et o\u00f9 qu&rsquo;elles soient, il suffit qu&rsquo;elles aient acc\u00e8s \u00e0 l&rsquo;Internet.<\/p>\n\n\n<div class=\"wp-block-image is-resized\">\n<figure class=\"aligncenter size-full\"><img decoding=\"async\" src=\"https:\/\/iot.wifx.net\/wp-content\/uploads\/2022\/03\/wifx-connect.svg\" alt=\"Wifx Connect\" class=\"wp-image-1654\"\/><\/figure>\n<\/div>\n\n\n<p>Cela vous permettra de vous y connecter facilement avec le LORIX Manager afin d&rsquo;en assurer la maintenance.<\/p>\n\n\n\n<h2 class=\"wp-block-heading\">Configuration simple<\/h2>\n\n\n\n<div class=\"wp-block-columns is-layout-flex wp-container-core-columns-is-layout-9d6595d7 wp-block-columns-is-layout-flex\">\n<div class=\"wp-block-column is-layout-flow wp-block-column-is-layout-flow\" style=\"flex-basis:100px\">\n<figure class=\"wp-block-image size-full is-resized\"><img decoding=\"async\" src=\"https:\/\/iot.wifx.net\/wp-content\/uploads\/2021\/09\/icon_intuitif.svg\" alt=\"\" class=\"wp-image-179\" style=\"width:80px\"\/><\/figure>\n<\/div>\n\n\n\n<div class=\"wp-block-column is-layout-flow wp-block-column-is-layout-flow\">\n<p>Pour enregistrer une passerelles sur Wifx Connect, quelques clics suffisent. La proc\u00e9dure, simple et s\u00e9curis\u00e9e, est \u00e0 la port\u00e9e de tout le monde et permet une installation rapide de la passerelle par du personnel non qualifi\u00e9.<\/p>\n\n\n<div class=\"wp-block-image is-resized\">\n<figure class=\"aligncenter size-large\"><img loading=\"lazy\" decoding=\"async\" width=\"1024\" height=\"384\" src=\"https:\/\/iot.wifx.net\/wp-content\/uploads\/2022\/03\/image-2-1024x384.png\" alt=\"Getting Started\" class=\"wp-image-1744\" srcset=\"https:\/\/iot.wifx.net\/wp-content\/uploads\/2022\/03\/image-2-1024x384.png 1024w, https:\/\/iot.wifx.net\/wp-content\/uploads\/2022\/03\/image-2-300x112.png 300w, https:\/\/iot.wifx.net\/wp-content\/uploads\/2022\/03\/image-2-1536x576.png 1536w, https:\/\/iot.wifx.net\/wp-content\/uploads\/2022\/03\/image-2-2048x768.png 2048w, https:\/\/iot.wifx.net\/wp-content\/uploads\/2022\/03\/image-2.png 626w\" sizes=\"auto, (max-width: 1024px) 100vw, 1024px\" \/><figcaption class=\"wp-element-caption\">Proc\u00e9dure d&rsquo;enregistrement disponible dans LORIX Manager GUI<\/figcaption><\/figure>\n<\/div><\/div>\n<\/div>\n\n\n\n<h2 class=\"wp-block-heading\" id=\"acces-global\">Acc\u00e8s global<\/h2>\n\n\n\n<div class=\"wp-block-columns is-layout-flex wp-container-core-columns-is-layout-9d6595d7 wp-block-columns-is-layout-flex\">\n<div class=\"wp-block-column is-layout-flow wp-block-column-is-layout-flow\" style=\"flex-basis:100px\"><div class=\"wp-block-image is-resized\">\n<figure class=\"aligncenter size-full\"><img decoding=\"async\" src=\"https:\/\/iot.wifx.net\/wp-content\/uploads\/2021\/09\/icon_connect.svg\" alt=\"\" class=\"wp-image-146\" style=\"aspect-ratio:1;object-fit:cover;width:80px\"\/><\/figure>\n<\/div><\/div>\n\n\n\n<div class=\"wp-block-column is-layout-flow wp-block-column-is-layout-flow\">\n<p>La connexion de la passerelle \u00e0 Wifx Connect ne n\u00e9cessite aucun pr\u00e9requis, si elle a acc\u00e8s \u00e0 l&rsquo;Internet, vous pourrez vous y connecter depuis n&rsquo;importe o\u00f9 dans le monde gr\u00e2ce \u00e0 votre ordinateur, tablette ou smartphone.<\/p>\n<\/div>\n<\/div>\n\n\n\n<h2 class=\"wp-block-heading\" id=\"connectivite-universelle\">Connectivit\u00e9 universelle<\/h2>\n\n\n\n<div class=\"wp-block-columns is-layout-flex wp-container-core-columns-is-layout-9d6595d7 wp-block-columns-is-layout-flex\">\n<div class=\"wp-block-column is-layout-flow wp-block-column-is-layout-flow\" style=\"flex-basis:100px\"><div class=\"wp-block-image is-resized\">\n<figure class=\"aligncenter size-full\"><img decoding=\"async\" src=\"https:\/\/iot.wifx.net\/wp-content\/uploads\/2021\/09\/icon_custom.svg\" alt=\"\" class=\"wp-image-152\" style=\"width:80px\"\/><\/figure>\n<\/div><\/div>\n\n\n\n<div class=\"wp-block-column is-layout-flow wp-block-column-is-layout-flow\">\n<p>Depuis l&rsquo;interface de Wifx Connect, vous pourrez directement vous connecter au LORIX Manager de votre passerelle, mais vous pouvez \u00e9galement ouvrir un terminal \u00e0 distance pour effectuer des t\u00e2ches avanc\u00e9es en ligne de commande si n\u00e9cessaire. <\/p>\n\n\n\n<figure class=\"wp-block-image size-large\"><img loading=\"lazy\" decoding=\"async\" width=\"1023\" height=\"364\" src=\"https:\/\/iot.wifx.net\/wp-content\/uploads\/2023\/12\/wifx-connect-gateways-overview-1023x364.png\" alt=\"\" class=\"wp-image-2600\" srcset=\"https:\/\/iot.wifx.net\/wp-content\/uploads\/2023\/12\/wifx-connect-gateways-overview-1023x364.png 1023w, https:\/\/iot.wifx.net\/wp-content\/uploads\/2023\/12\/wifx-connect-gateways-overview-300x106.png 300w, https:\/\/iot.wifx.net\/wp-content\/uploads\/2023\/12\/wifx-connect-gateways-overview-768x274.png 768w, https:\/\/iot.wifx.net\/wp-content\/uploads\/2023\/12\/wifx-connect-gateways-overview-1536x547.png 1536w, https:\/\/iot.wifx.net\/wp-content\/uploads\/2023\/12\/wifx-connect-gateways-overview-2047x729.png 2047w, https:\/\/iot.wifx.net\/wp-content\/uploads\/2023\/12\/wifx-connect-gateways-overview.png 1996w\" sizes=\"auto, (max-width: 1023px) 100vw, 1023px\" \/><\/figure>\n\n\n\n<p>Un connecteur MQTT vous permet d&rsquo;interfacer des outils ou des machines tierces \u00e0 vos passerelles pour une int\u00e9gration forte de celles-ci dans votre \u00e9cosyst\u00e8me.<\/p>\n<\/div>\n<\/div>\n\n\n\n<h2 class=\"wp-block-heading\" id=\"securite-renforcee\">S\u00e9curit\u00e9 renforc\u00e9e<\/h2>\n\n\n\n<div class=\"wp-block-columns is-layout-flex wp-container-core-columns-is-layout-9d6595d7 wp-block-columns-is-layout-flex\">\n<div class=\"wp-block-column is-layout-flow wp-block-column-is-layout-flow\" style=\"flex-basis:100px\"><div class=\"wp-block-image is-resized\">\n<figure class=\"aligncenter size-full\"><img decoding=\"async\" src=\"https:\/\/iot.wifx.net\/wp-content\/uploads\/2021\/09\/icon_security.svg\" alt=\"\" class=\"wp-image-194\" style=\"width:80px\"\/><\/figure>\n<\/div><\/div>\n\n\n\n<div class=\"wp-block-column is-layout-flow wp-block-column-is-layout-flow\">\n<p>Wifx Connect utilise un canal encrypt\u00e9 et des utilisateurs authentifi\u00e9 par des proc\u00e9d\u00e9s cryptographiques derni\u00e8re g\u00e9n\u00e9ration. L&rsquo;architecture \u00e9tablie garanti l&rsquo;isolation des passerelles entre les organisation, mais permet \u00e9galement de partager ses passerelles avec d&rsquo;autres utilisateurs si n\u00e9cessaire.<\/p>\n\n\n\n<p>Cela vous permet de collaborer sur la maintenance des passerelles entre int\u00e9grateurs, op\u00e9rateurs de r\u00e9seau IP et exploitants de r\u00e9seau LoRaWAN\u00ae. De cette mani\u00e8re, vous n&rsquo;avez plus besoin de partager des acc\u00e8s communs avec les risques que cela repr\u00e9sente.<\/p>\n<\/div>\n<\/div>\n","protected":false},"excerpt":{"rendered":"<p>Avec Wifx Connect, vous pouvez vous connecter \u00e0 vos passerelles \u00e0 n&rsquo;importe quel moment et o\u00f9 qu&rsquo;elles soient, il suffit qu&rsquo;elles aient acc\u00e8s \u00e0 l&rsquo;Internet. Cela vous permettra de vous y connecter facilement avec le LORIX Manager afin d&rsquo;en assurer la maintenance. Configuration simple Pour enregistrer une passerelles sur Wifx Connect, quelques clics suffisent. La [&hellip;]<\/p>\n","protected":false},"author":2,"featured_media":629,"parent":434,"menu_order":0,"comment_status":"closed","ping_status":"closed","template":"template-services.php","meta":{"_acf_changed":false,"footnotes":""},"class_list":["post-32","page","type-page","status-publish","has-post-thumbnail","hentry"],"acf":[],"yoast_head":"<!-- This site is optimized with the Yoast SEO plugin v27.4 - https:\/\/yoast.com\/product\/yoast-seo-wordpress\/ -->\n<title>Wifx Connect - Wifx IoT<\/title>\n<meta name=\"description\" content=\"Connectez vos stations de base simplement et de mani\u00e8re s\u00e9curis\u00e9e o\u00f9 qu&#039;elles soient \u00e0 travers le cloud.\" \/>\n<meta name=\"robots\" content=\"index, follow, max-snippet:-1, max-image-preview:large, max-video-preview:-1\" \/>\n<link rel=\"canonical\" href=\"https:\/\/iot.wifx.net\/fr\/services\/wifx-connect\/\" \/>\n<meta property=\"og:locale\" content=\"fr_FR\" \/>\n<meta property=\"og:type\" content=\"article\" \/>\n<meta property=\"og:title\" content=\"Wifx Connect - Wifx IoT\" \/>\n<meta property=\"og:description\" content=\"Connectez vos stations de base simplement et de mani\u00e8re s\u00e9curis\u00e9e o\u00f9 qu&#039;elles soient \u00e0 travers le cloud.\" \/>\n<meta property=\"og:url\" content=\"https:\/\/iot.wifx.net\/fr\/services\/wifx-connect\/\" \/>\n<meta property=\"og:site_name\" content=\"Wifx IoT\" \/>\n<meta property=\"article:modified_time\" content=\"2025-05-06T13:48:27+00:00\" \/>\n<meta property=\"og:image\" content=\"https:\/\/iot.wifx.net\/wp-content\/uploads\/2021\/10\/iot-background-scaled-e1633589488761.jpg\" \/>\n\t<meta property=\"og:image:width\" content=\"2560\" \/>\n\t<meta property=\"og:image:height\" content=\"800\" \/>\n\t<meta property=\"og:image:type\" content=\"image\/jpeg\" \/>\n<meta name=\"twitter:card\" content=\"summary_large_image\" \/>\n<meta name=\"twitter:site\" content=\"@Wifx_IoT\" \/>\n<meta name=\"twitter:label1\" content=\"Dur\u00e9e de lecture estim\u00e9e\" \/>\n\t<meta name=\"twitter:data1\" content=\"3 minutes\" \/>\n<script type=\"application\/ld+json\" class=\"yoast-schema-graph\">{\"@context\":\"https:\\\/\\\/schema.org\",\"@graph\":[{\"@type\":\"WebPage\",\"@id\":\"https:\\\/\\\/iot.wifx.net\\\/fr\\\/services\\\/wifx-connect\\\/\",\"url\":\"https:\\\/\\\/iot.wifx.net\\\/fr\\\/services\\\/wifx-connect\\\/\",\"name\":\"Wifx Connect - Wifx IoT\",\"isPartOf\":{\"@id\":\"https:\\\/\\\/iot.wifx.net\\\/fr\\\/#website\"},\"primaryImageOfPage\":{\"@id\":\"https:\\\/\\\/iot.wifx.net\\\/fr\\\/services\\\/wifx-connect\\\/#primaryimage\"},\"image\":{\"@id\":\"https:\\\/\\\/iot.wifx.net\\\/fr\\\/services\\\/wifx-connect\\\/#primaryimage\"},\"thumbnailUrl\":\"https:\\\/\\\/iot.wifx.net\\\/wp-content\\\/uploads\\\/2021\\\/10\\\/iot-background-scaled-e1633589488761.jpg\",\"datePublished\":\"2021-09-06T09:08:36+00:00\",\"dateModified\":\"2025-05-06T13:48:27+00:00\",\"description\":\"Connectez vos stations de base simplement et de mani\u00e8re s\u00e9curis\u00e9e o\u00f9 qu'elles soient \u00e0 travers le cloud.\",\"breadcrumb\":{\"@id\":\"https:\\\/\\\/iot.wifx.net\\\/fr\\\/services\\\/wifx-connect\\\/#breadcrumb\"},\"inLanguage\":\"fr-FR\",\"potentialAction\":[{\"@type\":\"ReadAction\",\"target\":[\"https:\\\/\\\/iot.wifx.net\\\/fr\\\/services\\\/wifx-connect\\\/\"]}]},{\"@type\":\"ImageObject\",\"inLanguage\":\"fr-FR\",\"@id\":\"https:\\\/\\\/iot.wifx.net\\\/fr\\\/services\\\/wifx-connect\\\/#primaryimage\",\"url\":\"https:\\\/\\\/iot.wifx.net\\\/wp-content\\\/uploads\\\/2021\\\/10\\\/iot-background-scaled-e1633589488761.jpg\",\"contentUrl\":\"https:\\\/\\\/iot.wifx.net\\\/wp-content\\\/uploads\\\/2021\\\/10\\\/iot-background-scaled-e1633589488761.jpg\",\"width\":2560,\"height\":800},{\"@type\":\"BreadcrumbList\",\"@id\":\"https:\\\/\\\/iot.wifx.net\\\/fr\\\/services\\\/wifx-connect\\\/#breadcrumb\",\"itemListElement\":[{\"@type\":\"ListItem\",\"position\":1,\"name\":\"Home\",\"item\":\"https:\\\/\\\/iot.wifx.net\\\/fr\\\/\"},{\"@type\":\"ListItem\",\"position\":2,\"name\":\"Services\",\"item\":\"https:\\\/\\\/iot.wifx.net\\\/fr\\\/services\\\/\"},{\"@type\":\"ListItem\",\"position\":3,\"name\":\"Wifx Connect\"}]},{\"@type\":\"WebSite\",\"@id\":\"https:\\\/\\\/iot.wifx.net\\\/fr\\\/#website\",\"url\":\"https:\\\/\\\/iot.wifx.net\\\/fr\\\/\",\"name\":\"Wifx IoT\",\"description\":\"\",\"publisher\":{\"@id\":\"https:\\\/\\\/iot.wifx.net\\\/fr\\\/#organization\"},\"potentialAction\":[{\"@type\":\"SearchAction\",\"target\":{\"@type\":\"EntryPoint\",\"urlTemplate\":\"https:\\\/\\\/iot.wifx.net\\\/fr\\\/?s={search_term_string}\"},\"query-input\":{\"@type\":\"PropertyValueSpecification\",\"valueRequired\":true,\"valueName\":\"search_term_string\"}}],\"inLanguage\":\"fr-FR\"},{\"@type\":\"Organization\",\"@id\":\"https:\\\/\\\/iot.wifx.net\\\/fr\\\/#organization\",\"name\":\"Wifx IoT\",\"url\":\"https:\\\/\\\/iot.wifx.net\\\/fr\\\/\",\"logo\":{\"@type\":\"ImageObject\",\"inLanguage\":\"fr-FR\",\"@id\":\"https:\\\/\\\/iot.wifx.net\\\/fr\\\/#\\\/schema\\\/logo\\\/image\\\/\",\"url\":\"https:\\\/\\\/iot.wifx.net\\\/wp-content\\\/uploads\\\/2022\\\/06\\\/logo_wifx.png\",\"contentUrl\":\"https:\\\/\\\/iot.wifx.net\\\/wp-content\\\/uploads\\\/2022\\\/06\\\/logo_wifx.png\",\"width\":499,\"height\":256,\"caption\":\"Wifx IoT\"},\"image\":{\"@id\":\"https:\\\/\\\/iot.wifx.net\\\/fr\\\/#\\\/schema\\\/logo\\\/image\\\/\"},\"sameAs\":[\"https:\\\/\\\/x.com\\\/Wifx_IoT\",\"https:\\\/\\\/www.linkedin.com\\\/company\\\/wifxsarl\"]}]}<\/script>\n<!-- \/ Yoast SEO plugin. -->","yoast_head_json":{"title":"Wifx Connect - Wifx IoT","description":"Connectez vos stations de base simplement et de mani\u00e8re s\u00e9curis\u00e9e o\u00f9 qu'elles soient \u00e0 travers le cloud.","robots":{"index":"index","follow":"follow","max-snippet":"max-snippet:-1","max-image-preview":"max-image-preview:large","max-video-preview":"max-video-preview:-1"},"canonical":"https:\/\/iot.wifx.net\/fr\/services\/wifx-connect\/","og_locale":"fr_FR","og_type":"article","og_title":"Wifx Connect - Wifx IoT","og_description":"Connectez vos stations de base simplement et de mani\u00e8re s\u00e9curis\u00e9e o\u00f9 qu'elles soient \u00e0 travers le cloud.","og_url":"https:\/\/iot.wifx.net\/fr\/services\/wifx-connect\/","og_site_name":"Wifx IoT","article_modified_time":"2025-05-06T13:48:27+00:00","og_image":[{"width":2560,"height":800,"url":"https:\/\/iot.wifx.net\/wp-content\/uploads\/2021\/10\/iot-background-scaled-e1633589488761.jpg","type":"image\/jpeg"}],"twitter_card":"summary_large_image","twitter_site":"@Wifx_IoT","twitter_misc":{"Dur\u00e9e de lecture estim\u00e9e":"3 minutes"},"schema":{"@context":"https:\/\/schema.org","@graph":[{"@type":"WebPage","@id":"https:\/\/iot.wifx.net\/fr\/services\/wifx-connect\/","url":"https:\/\/iot.wifx.net\/fr\/services\/wifx-connect\/","name":"Wifx Connect - Wifx IoT","isPartOf":{"@id":"https:\/\/iot.wifx.net\/fr\/#website"},"primaryImageOfPage":{"@id":"https:\/\/iot.wifx.net\/fr\/services\/wifx-connect\/#primaryimage"},"image":{"@id":"https:\/\/iot.wifx.net\/fr\/services\/wifx-connect\/#primaryimage"},"thumbnailUrl":"https:\/\/iot.wifx.net\/wp-content\/uploads\/2021\/10\/iot-background-scaled-e1633589488761.jpg","datePublished":"2021-09-06T09:08:36+00:00","dateModified":"2025-05-06T13:48:27+00:00","description":"Connectez vos stations de base simplement et de mani\u00e8re s\u00e9curis\u00e9e o\u00f9 qu'elles soient \u00e0 travers le cloud.","breadcrumb":{"@id":"https:\/\/iot.wifx.net\/fr\/services\/wifx-connect\/#breadcrumb"},"inLanguage":"fr-FR","potentialAction":[{"@type":"ReadAction","target":["https:\/\/iot.wifx.net\/fr\/services\/wifx-connect\/"]}]},{"@type":"ImageObject","inLanguage":"fr-FR","@id":"https:\/\/iot.wifx.net\/fr\/services\/wifx-connect\/#primaryimage","url":"https:\/\/iot.wifx.net\/wp-content\/uploads\/2021\/10\/iot-background-scaled-e1633589488761.jpg","contentUrl":"https:\/\/iot.wifx.net\/wp-content\/uploads\/2021\/10\/iot-background-scaled-e1633589488761.jpg","width":2560,"height":800},{"@type":"BreadcrumbList","@id":"https:\/\/iot.wifx.net\/fr\/services\/wifx-connect\/#breadcrumb","itemListElement":[{"@type":"ListItem","position":1,"name":"Home","item":"https:\/\/iot.wifx.net\/fr\/"},{"@type":"ListItem","position":2,"name":"Services","item":"https:\/\/iot.wifx.net\/fr\/services\/"},{"@type":"ListItem","position":3,"name":"Wifx Connect"}]},{"@type":"WebSite","@id":"https:\/\/iot.wifx.net\/fr\/#website","url":"https:\/\/iot.wifx.net\/fr\/","name":"Wifx IoT","description":"","publisher":{"@id":"https:\/\/iot.wifx.net\/fr\/#organization"},"potentialAction":[{"@type":"SearchAction","target":{"@type":"EntryPoint","urlTemplate":"https:\/\/iot.wifx.net\/fr\/?s={search_term_string}"},"query-input":{"@type":"PropertyValueSpecification","valueRequired":true,"valueName":"search_term_string"}}],"inLanguage":"fr-FR"},{"@type":"Organization","@id":"https:\/\/iot.wifx.net\/fr\/#organization","name":"Wifx IoT","url":"https:\/\/iot.wifx.net\/fr\/","logo":{"@type":"ImageObject","inLanguage":"fr-FR","@id":"https:\/\/iot.wifx.net\/fr\/#\/schema\/logo\/image\/","url":"https:\/\/iot.wifx.net\/wp-content\/uploads\/2022\/06\/logo_wifx.png","contentUrl":"https:\/\/iot.wifx.net\/wp-content\/uploads\/2022\/06\/logo_wifx.png","width":499,"height":256,"caption":"Wifx IoT"},"image":{"@id":"https:\/\/iot.wifx.net\/fr\/#\/schema\/logo\/image\/"},"sameAs":["https:\/\/x.com\/Wifx_IoT","https:\/\/www.linkedin.com\/company\/wifxsarl"]}]}},"_links":{"self":[{"href":"https:\/\/iot.wifx.net\/fr\/wp-json\/wp\/v2\/pages\/32","targetHints":{"allow":["GET"]}}],"collection":[{"href":"https:\/\/iot.wifx.net\/fr\/wp-json\/wp\/v2\/pages"}],"about":[{"href":"https:\/\/iot.wifx.net\/fr\/wp-json\/wp\/v2\/types\/page"}],"author":[{"embeddable":true,"href":"https:\/\/iot.wifx.net\/fr\/wp-json\/wp\/v2\/users\/2"}],"replies":[{"embeddable":true,"href":"https:\/\/iot.wifx.net\/fr\/wp-json\/wp\/v2\/comments?post=32"}],"version-history":[{"count":85,"href":"https:\/\/iot.wifx.net\/fr\/wp-json\/wp\/v2\/pages\/32\/revisions"}],"predecessor-version":[{"id":2733,"href":"https:\/\/iot.wifx.net\/fr\/wp-json\/wp\/v2\/pages\/32\/revisions\/2733"}],"up":[{"embeddable":true,"href":"https:\/\/iot.wifx.net\/fr\/wp-json\/wp\/v2\/pages\/434"}],"wp:featuredmedia":[{"embeddable":true,"href":"https:\/\/iot.wifx.net\/fr\/wp-json\/wp\/v2\/media\/629"}],"wp:attachment":[{"href":"https:\/\/iot.wifx.net\/fr\/wp-json\/wp\/v2\/media?parent=32"}],"curies":[{"name":"wp","href":"https:\/\/api.w.org\/{rel}","templated":true}]}}